{"id":102,"date":"2022-10-11T13:04:42","date_gmt":"2022-10-11T13:04:42","guid":{"rendered":"https:\/\/www.spree-bestattungen.de\/\/?page_id=102"},"modified":"2025-08-01T08:46:01","modified_gmt":"2025-08-01T08:46:01","slug":"uber-uns","status":"publish","type":"page","link":"https:\/\/www.spree-bestattungen.de\/de\/uber-uns\/","title":{"rendered":"Unser Team"},"content":{"rendered":"<div id=\"block-variable-content-list-block_80890c4fb6b14bc61a0ede5a8f8e0e05\" class=\"block-variable-content-list alt_1\">\n    <div class=\"container\">\n        <div class=\"widget-wrap per_row_2\">\n                        <div class=\"block-content\">\n                                                                                    <div class=\"element\">\n                                                            \n                                \n                                                                    <div class=\"content-wrap\">\n                                        <p><i>Das Martin Spree Beerdigungsinstitut<\/i>\u00a0ist ein tief in Emden und Umgebung verwurzeltes Familienunternehmen.<\/p>\n<p>Es wurde 1961 von meinem Gro\u00dfvater Martin Spree gegr\u00fcndet, der es 1982 an meinen Vater Karl-Bernhard \u00fcbergab. Seit 1999 wird das Haus von mir, Thomas Spree, und meiner Frau Ioana in 3. Generation gef\u00fchrt.<\/p>\n<p>In unserer Arbeit begegnen wir Trauernden und Vorsorgenden pers\u00f6nlich und offen von Mensch zu Mensch. Was uns dabei wichtig ist: Im Rahmen der finanziellen M\u00f6glichkeiten, realisieren wir f\u00fcr jeden einen w\u00fcrdevollen Abschied.<\/p>\n                                    <\/div>\n                                                                                    <\/div>\n                                                                    <div class=\"element\">\n                                                            \n                                                                    <div class=\"image-wrap\">\n                                                                                    <img loading=\"lazy\" decoding=\"async\" width=\"1024\" height=\"683\" src=\"https:\/\/shop.sereni.de\/app\/uploads\/sites\/13\/2025\/08\/Spree_Emden_Image_22-R2-1024x683.jpg\" class=\"attachment-large size-large\" alt=\"Unser Team\" srcset=\"https:\/\/shop.sereni.de\/app\/uploads\/sites\/13\/2025\/08\/Spree_Emden_Image_22-R2-1024x683.jpg 1024w, https:\/\/shop.sereni.de\/app\/uploads\/sites\/13\/2025\/08\/Spree_Emden_Image_22-R2-300x200.jpg 300w, https:\/\/shop.sereni.de\/app\/uploads\/sites\/13\/2025\/08\/Spree_Emden_Image_22-R2-768x512.jpg 768w, https:\/\/shop.sereni.de\/app\/uploads\/sites\/13\/2025\/08\/Spree_Emden_Image_22-R2-450x300.jpg 450w, https:\/\/shop.sereni.de\/app\/uploads\/sites\/13\/2025\/08\/Spree_Emden_Image_22-R2.jpg 1280w\" sizes=\"auto, (max-width: 1024px) 100vw, 1024px\" title=\"Unser Team\" \/>                                                                            <\/div>\n                                \n                                                                                    <\/div>\n                                                <\/div>\n        <\/div>\n    <\/div>\n<\/div>\n\n\n\n<figure class=\"wp-block-pullquote has-medium-font-size\"><blockquote><p>EIN INSTITUT MIT GESCHICHTE.<br>EINE FAMILIE MIT ENGAGEMENT.<br>EIN ORT DER BEGEGNUNG.<\/p><\/blockquote><\/figure>\n\n\n<div id=\"block-variable-content-list-block_a8f5400710507f4774452748bad5c21e\" class=\"block-variable-content-list alt_1\">\n    <div class=\"container\">\n        <div class=\"widget-wrap per_row_2\">\n                        <div class=\"block-content\">\n                                                                                    <div class=\"element\">\n                                                            \n                                                                    <div class=\"image-wrap\">\n                                                                                    <img loading=\"lazy\" decoding=\"async\" width=\"1024\" height=\"683\" src=\"https:\/\/shop.sereni.de\/app\/uploads\/sites\/13\/2024\/06\/Spree_Emden_Image_38-1024x683.jpg\" class=\"attachment-large size-large\" alt=\"Unser Team\" srcset=\"https:\/\/shop.sereni.de\/app\/uploads\/sites\/13\/2024\/06\/Spree_Emden_Image_38-1024x683.jpg 1024w, https:\/\/shop.sereni.de\/app\/uploads\/sites\/13\/2024\/06\/Spree_Emden_Image_38-300x200.jpg 300w, https:\/\/shop.sereni.de\/app\/uploads\/sites\/13\/2024\/06\/Spree_Emden_Image_38-450x300.jpg 450w, https:\/\/shop.sereni.de\/app\/uploads\/sites\/13\/2024\/06\/Spree_Emden_Image_38-1300x867.jpg 1300w, https:\/\/shop.sereni.de\/app\/uploads\/sites\/13\/2024\/06\/Spree_Emden_Image_38-1440x961.jpg 1440w\" sizes=\"auto, (max-width: 1024px) 100vw, 1024px\" title=\"Unser Team\" \/>                                                                            <\/div>\n                                \n                                                                                    <\/div>\n                                                                    <div class=\"element\">\n                                                            \n                                \n                                                                    <div class=\"content-wrap\">\n                                        <h2><strong>Thomas Spree<\/strong><\/h2>\n<p><span class=\"type-j\"><strong>&#8220;Zeit und Raum<\/strong> f\u00fcr einen pers\u00f6nlichen Abschied zu geben, das ist mir besonders wichtig. <\/span><\/p>\n<p><span class=\"type-j\">Ich gehe ganz auf die Menschen ein, um Ihnen m\u00f6glichst viel Unterst\u00fctzung bieten zu k\u00f6nnen. <\/span><\/p>\n<p><span class=\"type-j\">Ich empfinde meine Arbeit als \u201e<strong>Berufung<\/strong>\u201c und die <strong>Dankbarkeit der Angeh\u00f6rigen als sehr bereicherndes Gef\u00fchl.<\/strong>\u201d<\/span><\/p>\n<p><strong>Gesch\u00e4ftsf\u00fchrer, Thanatologe, Bestatter, Berater &amp; Trauerredner<\/strong><\/p>\n                                    <\/div>\n                                                                                    <\/div>\n                                                <\/div>\n        <\/div>\n    <\/div>\n<\/div>\n","protected":false},"excerpt":{"rendered":"<p>EIN INSTITUT MIT GESCHICHTE.EINE FAMILIE MIT ENGAGEMENT.EIN ORT DER BEGEGNUNG.<\/p>\n","protected":false},"author":1,"featured_media":0,"parent":0,"menu_order":0,"comment_status":"closed","ping_status":"closed","template":"","meta":{"_acf_changed":false,"footnotes":""},"class_list":["post-102","page","type-page","status-publish","hentry"],"acf":[],"yoast_head":"<!-- This site is optimized with the Yoast SEO plugin v25.8 - https:\/\/yoast.com\/wordpress\/plugins\/seo\/ -->\n<title>Unser Team - Spree<\/title>\n<meta name=\"description\" content=\"Das Martin Spree Beerdigungsinstitut\u00a0ist ein tief in Emden verwurzeltes Familienunternehmen. Es wurde 1961 gegr\u00fcndet.\" \/>\n<meta name=\"robots\" content=\"index, follow, max-snippet:-1, max-image-preview:large, max-video-preview:-1\" \/>\n<link rel=\"canonical\" href=\"https:\/\/www.spree-bestattungen.de\/de\/uber-uns\/\" \/>\n<meta property=\"og:locale\" content=\"de_DE\" \/>\n<meta property=\"og:type\" content=\"article\" \/>\n<meta property=\"og:title\" content=\"Unser Team - Spree\" \/>\n<meta property=\"og:description\" content=\"Das Martin Spree Beerdigungsinstitut\u00a0ist ein tief in Emden verwurzeltes Familienunternehmen. Es wurde 1961 gegr\u00fcndet.\" \/>\n<meta property=\"og:url\" content=\"https:\/\/www.spree-bestattungen.de\/de\/uber-uns\/\" \/>\n<meta property=\"og:site_name\" content=\"Spree\" \/>\n<meta property=\"article:modified_time\" content=\"2025-08-01T08:46:01+00:00\" \/>\n<meta name=\"twitter:card\" content=\"summary_large_image\" \/>\n<meta name=\"twitter:label1\" content=\"Est. reading time\" \/>\n\t<meta name=\"twitter:data1\" content=\"2 minutes\" \/>\n<script type=\"application\/ld+json\" class=\"yoast-schema-graph\">{\"@context\":\"https:\/\/schema.org\",\"@graph\":[{\"@type\":\"WebPage\",\"@id\":\"https:\/\/www.spree-bestattungen.de\/de\/uber-uns\/\",\"url\":\"https:\/\/www.spree-bestattungen.de\/de\/uber-uns\/\",\"name\":\"Unser Team - Spree\",\"isPartOf\":{\"@id\":\"https:\/\/www.spree-bestattungen.de\/de\/#website\"},\"datePublished\":\"2022-10-11T13:04:42+00:00\",\"dateModified\":\"2025-08-01T08:46:01+00:00\",\"description\":\"Das Martin Spree Beerdigungsinstitut\u00a0ist ein tief in Emden verwurzeltes Familienunternehmen. Es wurde 1961 gegr\u00fcndet.\",\"inLanguage\":\"de-DE\",\"potentialAction\":[{\"@type\":\"ReadAction\",\"target\":[\"https:\/\/www.spree-bestattungen.de\/de\/uber-uns\/\"]}]},{\"@type\":\"WebSite\",\"@id\":\"https:\/\/www.spree-bestattungen.de\/de\/#website\",\"url\":\"https:\/\/www.spree-bestattungen.de\/de\/\",\"name\":\"Spree\",\"description\":\"Just another Sereni Sites site\",\"potentialAction\":[{\"@type\":\"SearchAction\",\"target\":{\"@type\":\"EntryPoint\",\"urlTemplate\":\"https:\/\/www.spree-bestattungen.de\/de\/?s={search_term_string}\"},\"query-input\":{\"@type\":\"PropertyValueSpecification\",\"valueRequired\":true,\"valueName\":\"search_term_string\"}}],\"inLanguage\":\"de-DE\"}]}<\/script>\n<!-- \/ Yoast SEO plugin. -->","yoast_head_json":{"title":"Unser Team - Spree","description":"Das Martin Spree Beerdigungsinstitut\u00a0ist ein tief in Emden verwurzeltes Familienunternehmen. Es wurde 1961 gegr\u00fcndet.","robots":{"index":"index","follow":"follow","max-snippet":"max-snippet:-1","max-image-preview":"max-image-preview:large","max-video-preview":"max-video-preview:-1"},"canonical":"https:\/\/www.spree-bestattungen.de\/de\/uber-uns\/","og_locale":"de_DE","og_type":"article","og_title":"Unser Team - Spree","og_description":"Das Martin Spree Beerdigungsinstitut\u00a0ist ein tief in Emden verwurzeltes Familienunternehmen. Es wurde 1961 gegr\u00fcndet.","og_url":"https:\/\/www.spree-bestattungen.de\/de\/uber-uns\/","og_site_name":"Spree","article_modified_time":"2025-08-01T08:46:01+00:00","twitter_card":"summary_large_image","twitter_misc":{"Est. reading time":"2 minutes"},"schema":{"@context":"https:\/\/schema.org","@graph":[{"@type":"WebPage","@id":"https:\/\/www.spree-bestattungen.de\/de\/uber-uns\/","url":"https:\/\/www.spree-bestattungen.de\/de\/uber-uns\/","name":"Unser Team - Spree","isPartOf":{"@id":"https:\/\/www.spree-bestattungen.de\/de\/#website"},"datePublished":"2022-10-11T13:04:42+00:00","dateModified":"2025-08-01T08:46:01+00:00","description":"Das Martin Spree Beerdigungsinstitut\u00a0ist ein tief in Emden verwurzeltes Familienunternehmen. Es wurde 1961 gegr\u00fcndet.","inLanguage":"de-DE","potentialAction":[{"@type":"ReadAction","target":["https:\/\/www.spree-bestattungen.de\/de\/uber-uns\/"]}]},{"@type":"WebSite","@id":"https:\/\/www.spree-bestattungen.de\/de\/#website","url":"https:\/\/www.spree-bestattungen.de\/de\/","name":"Spree","description":"Just another Sereni Sites site","potentialAction":[{"@type":"SearchAction","target":{"@type":"EntryPoint","urlTemplate":"https:\/\/www.spree-bestattungen.de\/de\/?s={search_term_string}"},"query-input":{"@type":"PropertyValueSpecification","valueRequired":true,"valueName":"search_term_string"}}],"inLanguage":"de-DE"}]}},"_links":{"self":[{"href":"https:\/\/www.spree-bestattungen.de\/de\/wp-json\/wp\/v2\/pages\/102","targetHints":{"allow":["GET"]}}],"collection":[{"href":"https:\/\/www.spree-bestattungen.de\/de\/wp-json\/wp\/v2\/pages"}],"about":[{"href":"https:\/\/www.spree-bestattungen.de\/de\/wp-json\/wp\/v2\/types\/page"}],"author":[{"embeddable":true,"href":"https:\/\/www.spree-bestattungen.de\/de\/wp-json\/wp\/v2\/users\/1"}],"replies":[{"embeddable":true,"href":"https:\/\/www.spree-bestattungen.de\/de\/wp-json\/wp\/v2\/comments?post=102"}],"version-history":[{"count":168,"href":"https:\/\/www.spree-bestattungen.de\/de\/wp-json\/wp\/v2\/pages\/102\/revisions"}],"predecessor-version":[{"id":2287,"href":"https:\/\/www.spree-bestattungen.de\/de\/wp-json\/wp\/v2\/pages\/102\/revisions\/2287"}],"wp:attachment":[{"href":"https:\/\/www.spree-bestattungen.de\/de\/wp-json\/wp\/v2\/media?parent=102"}],"curies":[{"name":"wp","href":"https:\/\/api.w.org\/{rel}","templated":true}]}}