{"id":111,"date":"2022-10-11T13:18:01","date_gmt":"2022-10-11T13:18:01","guid":{"rendered":"https:\/\/www.spree-bestattungen.de\/\/?page_id=111"},"modified":"2024-07-03T09:16:03","modified_gmt":"2024-07-03T09:16:03","slug":"bestattungsarten","status":"publish","type":"page","link":"https:\/\/www.spree-bestattungen.de\/de\/bestattungsarten\/","title":{"rendered":"Bestattung"},"content":{"rendered":"\n<div id=\"block-main-banner-block_67026f2789d0aa68118fda9d034262d6\" class=\"block-main-banner\">\n    <div class=\"container\">\n        <div class=\"banner-wrap layout1 content_left content_top\">\n            <div class=\"banner-image\">\n                                                            <img loading=\"lazy\" decoding=\"async\" width=\"1440\" height=\"960\" src=\"https:\/\/shop.sereni.de\/app\/uploads\/sites\/13\/2024\/06\/Spree_Emden_Image_11-1440x960.jpg\" class=\"attachment-full-stretched size-full-stretched\" alt=\"Bestattung\" srcset=\"https:\/\/shop.sereni.de\/app\/uploads\/sites\/13\/2024\/06\/Spree_Emden_Image_11-1440x960.jpg 1440w, https:\/\/shop.sereni.de\/app\/uploads\/sites\/13\/2024\/06\/Spree_Emden_Image_11-300x200.jpg 300w, https:\/\/shop.sereni.de\/app\/uploads\/sites\/13\/2024\/06\/Spree_Emden_Image_11-1024x683.jpg 1024w, https:\/\/shop.sereni.de\/app\/uploads\/sites\/13\/2024\/06\/Spree_Emden_Image_11-450x300.jpg 450w, https:\/\/shop.sereni.de\/app\/uploads\/sites\/13\/2024\/06\/Spree_Emden_Image_11-1300x867.jpg 1300w\" sizes=\"auto, (max-width: 1440px) 100vw, 1440px\" title=\"Bestattung\" \/>                                                <\/div>\n\n                            <div class=\"banner-content\">\n                    <div class=\"inner\">\n                        <h3><span style=\"color: #000000\"><strong>Was hat sich der Verstorbene gew\u00fcnscht?<br \/>\n<\/strong><strong>Welche Erwartungen haben Sie an einen Ort der Erinnerung?<\/strong><\/span><\/h3>\n<h3><span class=\"type-j\" style=\"font-size: 1.125rem;color: #000000\">Solche Fragen spielen bei der Wahl zwischen einer Erdbestattung in einem Sarg und einer Feuerbestattung (Ein\u00e4scherung) mit anschlie\u00dfender Urnenbestattung eine wichtige Rolle.<\/span><\/h3>\n<p><span class=\"type-j\" style=\"color: #000000\"><strong>Grunds\u00e4tzlich gilt:<\/strong> Eine Erdbestattung ist nur auf einem Friedhof m\u00f6glich. Bei einer Urnenbeisetzung sind die M\u00f6glichkeiten deutlich vielf\u00e4ltiger.<\/span><\/p>\n<p><span class=\"type-j\" style=\"color: #000000\">Die Kosten einer Bestattung h\u00e4ngen von mehreren Faktoren ab. Gemeinsam mit Ihnen erstellen wir einen Plan, der Ihr Budget ber\u00fccksichtigt.<\/span><\/p>\n                    <\/div>\n                <\/div>\n                    <\/div>\n    <\/div>\n<\/div>\n\n\n\n<figure class=\"wp-block-pullquote has-medium-font-size\"><blockquote><p>EINE ST\u00c4TTE DER RUHE.<br><br>EIN ORT DES GEDENKENS.<br><br>EIN ZEICHEN DER WERTSCH\u00c4TZUNG..<\/p><\/blockquote><\/figure>\n\n\n<div id=\"block-variable-content-list-block_139f1569d876a09faaffe46dbf322af8\" class=\"block-variable-content-list alt_1\">\n    <div class=\"container\">\n        <div class=\"widget-wrap per_row_2\">\n                        <div class=\"block-content\">\n                                                                                    <div class=\"element\">\n                                                            \n                                \n                                                                    <div class=\"content-wrap\">\n                                        <p><strong><em class=\"red\">Die Ruhest\u00e4tte ist eine letzte Ehre<\/em><\/strong> und sollte sorgf\u00e4ltig ausgew\u00e4hlt werden. \u00dcberlegen Sie, was der Pers\u00f6nlichkeit des Verstorbenen entspricht, aber auch, was f\u00fcr Sie wichtig ist. Wir beraten Sie aus\u00adf\u00fchrlich, besichtigen die Grabstellen mit Ihnen vor Ort und informieren Sie \u00fcber die Bestimmungen auf den Friedh\u00f6fen.<\/p>\n<p>Noch ein Hinweis: Auch wenn Sie oder der Verstorbene nicht aus Emden kommen, k\u00f6nnen Sie uns als Bestatter w\u00e4hlen.<\/p>\n<p><em>Selbstverst\u00e4ndlich erm\u00f6glichen wir dar\u00fcber hinaus au\u00dfergew\u00f6hnliche Bestattungsarten wie die Diamantbestattung. Sprechen Sie uns einfach an!<\/em><\/p>\n                                    <\/div>\n                                                                                    <\/div>\n                                                                    <div class=\"element\">\n                                                            \n                                                                    <div class=\"image-wrap\">\n                                                                                    <img loading=\"lazy\" decoding=\"async\" width=\"1024\" height=\"623\" src=\"https:\/\/shop.sereni.de\/app\/uploads\/sites\/13\/2023\/09\/pexels-ivan-cuesta-14845468-scaled-e1693922512441-1024x623.jpg.webp\" class=\"attachment-large size-large\" alt=\"Bestattung\" srcset=\"https:\/\/shop.sereni.de\/app\/uploads\/sites\/13\/2023\/09\/pexels-ivan-cuesta-14845468-scaled-e1693922512441-1024x623.jpg.webp 1024w, https:\/\/shop.sereni.de\/app\/uploads\/sites\/13\/2023\/09\/pexels-ivan-cuesta-14845468-scaled-e1693922512441-1024x623.jpg-300x183.webp 300w, https:\/\/shop.sereni.de\/app\/uploads\/sites\/13\/2023\/09\/pexels-ivan-cuesta-14845468-scaled-e1693922512441-1024x623.jpg-493x300.webp 493w\" sizes=\"auto, (max-width: 1024px) 100vw, 1024px\" title=\"Bestattung\" \/>                                                                            <\/div>\n                                \n                                                                                    <\/div>\n                                                <\/div>\n        <\/div>\n    <\/div>\n<\/div>\n\n\n\n<div id=\"block-main-banner-block_65aed49c0a36c4634fa72feff4a5d87e\" class=\"block-main-banner\">\n    <div class=\"container\">\n        <div class=\"banner-wrap layout2 content_left content_top\">\n            <div class=\"banner-image\">\n                                                            <img loading=\"lazy\" decoding=\"async\" width=\"960\" height=\"1440\" src=\"https:\/\/shop.sereni.de\/app\/uploads\/sites\/13\/2024\/06\/Spree_Emden_Image_09-960x1440.jpg\" class=\"attachment-full-stretched size-full-stretched\" alt=\"Bestattung\" srcset=\"https:\/\/shop.sereni.de\/app\/uploads\/sites\/13\/2024\/06\/Spree_Emden_Image_09-960x1440.jpg 960w, https:\/\/shop.sereni.de\/app\/uploads\/sites\/13\/2024\/06\/Spree_Emden_Image_09-200x300.jpg 200w, https:\/\/shop.sereni.de\/app\/uploads\/sites\/13\/2024\/06\/Spree_Emden_Image_09-683x1024.jpg 683w, https:\/\/shop.sereni.de\/app\/uploads\/sites\/13\/2024\/06\/Spree_Emden_Image_09-867x1300.jpg 867w\" sizes=\"auto, (max-width: 960px) 100vw, 960px\" title=\"Bestattung\" \/>                                                <\/div>\n\n                            <div class=\"banner-content\">\n                    <div class=\"inner\">\n                        <div class=\"headline-wrapper\">\n<h2 id=\"erd\" class=\"headline2\">Erdbestattung<\/h2>\n<\/div>\n<div class=\"text-wrapper\">\n<p>Wie die Zeremonie einer Bestattung, so geh\u00f6rt auch die Bestattungsform zur Individualit\u00e4t des Verstorbenen. Zur Auswahl stehen verschiedene Varianten der Erd- und der Feuerbestattung. Je nach Friedhof und Leistung fallen nat\u00fcrlich unterschiedlich hohe Kosten an. Die folgende Liste gibt einen \u00dcberblick \u00fcber die Grabarten.<\/p>\n<h4>\u2022 \u00a0 Wahlgrab (Erd,-Feuerbestattung)<\/h4>\n<p>Schon zu Lebzeiten den Friedhof und den Platz des Grabes ausw\u00e4hlen \u2013 das ist m\u00f6glich, wenn man sich f\u00fcr ein Wahlgrab entscheidet. Das Nutzungsrecht an diesem Grab kann immer wieder verl\u00e4ngert werden, beispielsweise im Zuge einer weiteren Beisetzung.<\/p>\n<h4>\u2022 \u00a0 Reihengrab (Erd,-Feuerbestattung)<\/h4>\n<p>In Reihen platzierte Gr\u00e4ber werden in chronologischer Folge belegt: Die Reihe wird mit jedem verstorbenen Individuum fortgef\u00fchrt. Die Grabstellen sind also f\u00fcr nur eine Bestattung ausgelegt. Familienangeh\u00f6rige m\u00fcssen sp\u00e4ter an einem separaten Platz bestattet werden.<\/p>\n<h4>\u2022 \u00a0 Rasengrab (Erd,-Feuerbestattung)<\/h4>\n<p>Auf einem Rasengrab ist in der Regel ein Grabstein platziert, vorgeschrieben ist das jedoch nicht. F\u00fcr Pflege des Rasens ist der Tr\u00e4ger der Grabstelle verantwortlich.<\/p>\n<h4>\u2022 \u00a0 Urnenw\u00e4nde (Feuerbestattung)<\/h4>\n<p>Als Kolumbarium wird eine Urnenwand bezeichnet. Jede der Kammern in dieser Wand kann eine oder mehrere Urne aufnehmen. Eine Gravur, meist in eine Mamorplatte gemei\u00dfelt, erinnert an die Verstorbenen.<\/p>\n<\/div>\n                    <\/div>\n                <\/div>\n                    <\/div>\n    <\/div>\n<\/div>\n\n\n\n<div id=\"block-main-banner-block_4395e015550cf98b39aed5061e52a4b0\" class=\"block-main-banner\">\n    <div class=\"container\">\n        <div class=\"banner-wrap layout2 content_right content_top\">\n            <div class=\"banner-image\">\n                                                            <img loading=\"lazy\" decoding=\"async\" width=\"960\" height=\"1440\" src=\"https:\/\/shop.sereni.de\/app\/uploads\/sites\/13\/2024\/07\/Spree_Emden_Image_23-1-960x1440.jpg\" class=\"attachment-full-stretched size-full-stretched\" alt=\"Bestattung\" srcset=\"https:\/\/shop.sereni.de\/app\/uploads\/sites\/13\/2024\/07\/Spree_Emden_Image_23-1-960x1440.jpg 960w, https:\/\/shop.sereni.de\/app\/uploads\/sites\/13\/2024\/07\/Spree_Emden_Image_23-1-200x300.jpg 200w, https:\/\/shop.sereni.de\/app\/uploads\/sites\/13\/2024\/07\/Spree_Emden_Image_23-1-683x1024.jpg 683w, https:\/\/shop.sereni.de\/app\/uploads\/sites\/13\/2024\/07\/Spree_Emden_Image_23-1-867x1300.jpg 867w\" sizes=\"auto, (max-width: 960px) 100vw, 960px\" title=\"Bestattung\" \/>                                                <\/div>\n\n                            <div class=\"banner-content\">\n                    <div class=\"inner\">\n                        <div class=\"headline-wrapper\">\n<div id=\"moduleWrapper221\" class=\"module-wrapper Text_Text row\">\n<div class=\"col-xs-12\">\n<div class=\"module-content-block\">\n<div class=\"headline-wrapper\">\n<h2 id=\"feuer\" class=\"headline2\">Feuerbestattung<\/h2>\n<\/div>\n<div class=\"text-wrapper\">\n<p>F\u00fcr eine Feuerbestattung m\u00fcssen bestimmte Voraussetzungen erf\u00fcllt sein: Eine entsprechende Verf\u00fcgung des Verstorbenen ist ebenso notwendig wie eine zweite Leichenschau vor der Verbrennung des Sarges im Krematorium. Vergleichbar mit der Dekomposition des K\u00f6rpers bei einer Erdbestattung, kommt es bei der Verbrennung durch auf 800 Grad erhitzte Luft zu einer Dehydrierung.<\/p>\n<p>Der Vorgang ist jedoch viel schneller abgeschlossen: Er dauert nur ca. 90 Minuten. Nach der Verbrennung nimmt eine Aschekapsel die Asche des Verstorbenen auf. Sie tr\u00e4gt den Namen, das Geburts- und Todesdatum sowie das Datum der Ein\u00e4scherung. Bestattet wird die Kapsel in einer weiteren Urne.<\/p>\n<\/div>\n<\/div>\n<\/div>\n<\/div>\n<div id=\"moduleWrapper222\" class=\"module-wrapper Text_Text row\">\n<div class=\"col-xs-12\">\n<div class=\"module-content-block\">\n<div class=\"headline-wrapper\"><\/div>\n<\/div>\n<\/div>\n<\/div>\n<\/div>\n                    <\/div>\n                <\/div>\n                    <\/div>\n    <\/div>\n<\/div>\n\n\n\n<div id=\"block-main-banner-block_dbd93c849608d4c0f2985cdf04e089b2\" class=\"block-main-banner\">\n    <div class=\"container\">\n        <div class=\"banner-wrap layout2 content_left content_top\">\n            <div class=\"banner-image\">\n                                                            <img loading=\"lazy\" decoding=\"async\" width=\"1440\" height=\"809\" src=\"https:\/\/shop.sereni.de\/app\/uploads\/sites\/13\/2023\/09\/mark-olsen-XZzpFiSzZGk-unsplash.jpg\" class=\"attachment-full-stretched size-full-stretched\" alt=\"Bestattung\" srcset=\"https:\/\/shop.sereni.de\/app\/uploads\/sites\/13\/2023\/09\/mark-olsen-XZzpFiSzZGk-unsplash.jpg 1440w, https:\/\/shop.sereni.de\/app\/uploads\/sites\/13\/2023\/09\/mark-olsen-XZzpFiSzZGk-unsplash-300x169.jpg 300w, https:\/\/shop.sereni.de\/app\/uploads\/sites\/13\/2023\/09\/mark-olsen-XZzpFiSzZGk-unsplash-1024x575.jpg 1024w, https:\/\/shop.sereni.de\/app\/uploads\/sites\/13\/2023\/09\/mark-olsen-XZzpFiSzZGk-unsplash-500x281.jpg 500w, https:\/\/shop.sereni.de\/app\/uploads\/sites\/13\/2023\/09\/mark-olsen-XZzpFiSzZGk-unsplash-1300x730.jpg 1300w\" sizes=\"auto, (max-width: 1440px) 100vw, 1440px\" title=\"Bestattung\" \/>                                                <\/div>\n\n                            <div class=\"banner-content\">\n                    <div class=\"inner\">\n                        <div class=\"headline-wrapper\">\n<div id=\"moduleWrapper221\" class=\"module-wrapper Text_Text row\">\n<div class=\"col-xs-12\">\n<div class=\"module-content-block\">\n<div class=\"headline-wrapper\">\n<div class=\"headline-wrapper\">\n<div class=\"headline-wrapper\">\n<h2 id=\"see\" class=\"headline2\">Feierliche Seebestattung<\/h2>\n<\/div>\n<div class=\"text-wrapper\">\n<p>In speziellen Gebieten in Deutschland oder im Ausland \u00fcbergibt der Kapit\u00e4n die Urne im Beisein der Angeh\u00f6rigen oder in aller Stille der See. Mit der Zeit l\u00f6st sie sich auf und die Asche wird eins mit dem Meer.<\/p>\n<p>Sie erhalten von uns eine Seekarte mit eingetragenem Beisetzungsort. Speziell f\u00fcr Seebestattungen haben wir eine idyllische Gedenkst\u00e4tte angelegt, die Sie kostenlos nutzen und jederzeit als friedvollen Ort der Erinnerung besuchen k\u00f6nnen. Hier legen wir einen Stein mit dem Namen des Verstorbenen nieder.<\/p>\n<\/div>\n<\/div>\n<\/div>\n<\/div>\n<\/div>\n<\/div>\n<\/div>\n                    <\/div>\n                <\/div>\n                    <\/div>\n    <\/div>\n<\/div>\n\n\n\n<div id=\"block-main-banner-block_225416848062f57f853d793ef625b1b3\" class=\"block-main-banner\">\n    <div class=\"container\">\n        <div class=\"banner-wrap layout2 content_right content_top\">\n            <div class=\"banner-image\">\n                                                            <img loading=\"lazy\" decoding=\"async\" width=\"1440\" height=\"994\" src=\"https:\/\/shop.sereni.de\/app\/uploads\/sites\/13\/2023\/09\/luca-bravo-ESkw2ayO2As-unsplash-1440x994.jpg\" class=\"attachment-full-stretched size-full-stretched\" alt=\"Bestattung\" srcset=\"https:\/\/shop.sereni.de\/app\/uploads\/sites\/13\/2023\/09\/luca-bravo-ESkw2ayO2As-unsplash-1440x994.jpg 1440w, https:\/\/shop.sereni.de\/app\/uploads\/sites\/13\/2023\/09\/luca-bravo-ESkw2ayO2As-unsplash-300x207.jpg 300w, https:\/\/shop.sereni.de\/app\/uploads\/sites\/13\/2023\/09\/luca-bravo-ESkw2ayO2As-unsplash-1024x707.jpg 1024w, https:\/\/shop.sereni.de\/app\/uploads\/sites\/13\/2023\/09\/luca-bravo-ESkw2ayO2As-unsplash-435x300.jpg 435w, https:\/\/shop.sereni.de\/app\/uploads\/sites\/13\/2023\/09\/luca-bravo-ESkw2ayO2As-unsplash-1300x897.jpg 1300w\" sizes=\"auto, (max-width: 1440px) 100vw, 1440px\" title=\"Bestattung\" \/>                                                <\/div>\n\n                            <div class=\"banner-content\">\n                    <div class=\"inner\">\n                        <div class=\"headline-wrapper\">\n<div id=\"moduleWrapper221\" class=\"module-wrapper Text_Text row\">\n<div class=\"col-xs-12\">\n<div class=\"module-content-block\">\n<div class=\"headline-wrapper\">\n<h2 id=\"baum\" class=\"headline2\">Nat\u00fcrliche Waldbestattung<\/h2>\n<\/div>\n<div class=\"text-wrapper\">\n<p>In der beruhigenden Umgebung des Waldes wird die verg\u00e4ngliche Urne an den Wurzeln eines Baumes beigesetzt. Nach und nach nimmt dieser die Asche auf und wird so zum Symbol f\u00fcr das Fortbestehen des Lebens.<\/p>\n<p>Die Beisetzung erfolgt nur in bestimmten Bestattungsforsten, so dass immer eine ruhige, w\u00fcrdevolle Atmosph\u00e4re gewahrt wird. Wie bei der Seebestattung er\u00fcbrigt sich die Grabpflege, was diese Bestattungsart immer beliebter macht.<\/p>\n<\/div>\n<\/div>\n<\/div>\n<\/div>\n<div id=\"moduleWrapper222\" class=\"module-wrapper Text_Text row\">\n<div class=\"col-xs-12\">\n<div class=\"module-content-block\">\n<div class=\"headline-wrapper\"><\/div>\n<\/div>\n<\/div>\n<\/div>\n<\/div>\n                    <\/div>\n                <\/div>\n                    <\/div>\n    <\/div>\n<\/div>\n","protected":false},"excerpt":{"rendered":"<p>EINE ST\u00c4TTE DER RUHE. EIN ORT DES GEDENKENS. EIN ZEICHEN DER WERTSCH\u00c4TZUNG..<\/p>\n","protected":false},"author":1,"featured_media":0,"parent":0,"menu_order":0,"comment_status":"closed","ping_status":"closed","template":"","meta":{"_acf_changed":false,"footnotes":""},"class_list":["post-111","page","type-page","status-publish","hentry"],"acf":[],"yoast_head":"<!-- This site is optimized with the Yoast SEO plugin v25.8 - https:\/\/yoast.com\/wordpress\/plugins\/seo\/ -->\n<title>Bestattung - Spree<\/title>\n<meta name=\"description\" content=\"Die Kosten einer Bestattung h\u00e4ngen von mehreren Faktoren ab. Gemeinsam mit Ihnen erstellen wir einen Plan, der Ihr Budget ber\u00fccksichtigt.\" \/>\n<meta name=\"robots\" content=\"index, follow, max-snippet:-1, max-image-preview:large, max-video-preview:-1\" \/>\n<link rel=\"canonical\" href=\"https:\/\/www.spree-bestattungen.de\/de\/bestattungsarten\/\" \/>\n<meta property=\"og:locale\" content=\"de_DE\" \/>\n<meta property=\"og:type\" content=\"article\" \/>\n<meta property=\"og:title\" content=\"Bestattung - Spree\" \/>\n<meta property=\"og:description\" content=\"Die Kosten einer Bestattung h\u00e4ngen von mehreren Faktoren ab. Gemeinsam mit Ihnen erstellen wir einen Plan, der Ihr Budget ber\u00fccksichtigt.\" \/>\n<meta property=\"og:url\" content=\"https:\/\/www.spree-bestattungen.de\/de\/bestattungsarten\/\" \/>\n<meta property=\"og:site_name\" content=\"Spree\" \/>\n<meta property=\"article:modified_time\" content=\"2024-07-03T09:16:03+00:00\" \/>\n<meta name=\"twitter:card\" content=\"summary_large_image\" \/>\n<script type=\"application\/ld+json\" class=\"yoast-schema-graph\">{\"@context\":\"https:\/\/schema.org\",\"@graph\":[{\"@type\":\"WebPage\",\"@id\":\"https:\/\/www.spree-bestattungen.de\/de\/bestattungsarten\/\",\"url\":\"https:\/\/www.spree-bestattungen.de\/de\/bestattungsarten\/\",\"name\":\"Bestattung - Spree\",\"isPartOf\":{\"@id\":\"https:\/\/www.spree-bestattungen.de\/de\/#website\"},\"datePublished\":\"2022-10-11T13:18:01+00:00\",\"dateModified\":\"2024-07-03T09:16:03+00:00\",\"description\":\"Die Kosten einer Bestattung h\u00e4ngen von mehreren Faktoren ab. Gemeinsam mit Ihnen erstellen wir einen Plan, der Ihr Budget ber\u00fccksichtigt.\",\"inLanguage\":\"de-DE\",\"potentialAction\":[{\"@type\":\"ReadAction\",\"target\":[\"https:\/\/www.spree-bestattungen.de\/de\/bestattungsarten\/\"]}]},{\"@type\":\"WebSite\",\"@id\":\"https:\/\/www.spree-bestattungen.de\/de\/#website\",\"url\":\"https:\/\/www.spree-bestattungen.de\/de\/\",\"name\":\"Spree\",\"description\":\"Just another Sereni Sites site\",\"potentialAction\":[{\"@type\":\"SearchAction\",\"target\":{\"@type\":\"EntryPoint\",\"urlTemplate\":\"https:\/\/www.spree-bestattungen.de\/de\/?s={search_term_string}\"},\"query-input\":{\"@type\":\"PropertyValueSpecification\",\"valueRequired\":true,\"valueName\":\"search_term_string\"}}],\"inLanguage\":\"de-DE\"}]}<\/script>\n<!-- \/ Yoast SEO plugin. -->","yoast_head_json":{"title":"Bestattung - Spree","description":"Die Kosten einer Bestattung h\u00e4ngen von mehreren Faktoren ab. Gemeinsam mit Ihnen erstellen wir einen Plan, der Ihr Budget ber\u00fccksichtigt.","robots":{"index":"index","follow":"follow","max-snippet":"max-snippet:-1","max-image-preview":"max-image-preview:large","max-video-preview":"max-video-preview:-1"},"canonical":"https:\/\/www.spree-bestattungen.de\/de\/bestattungsarten\/","og_locale":"de_DE","og_type":"article","og_title":"Bestattung - Spree","og_description":"Die Kosten einer Bestattung h\u00e4ngen von mehreren Faktoren ab. Gemeinsam mit Ihnen erstellen wir einen Plan, der Ihr Budget ber\u00fccksichtigt.","og_url":"https:\/\/www.spree-bestattungen.de\/de\/bestattungsarten\/","og_site_name":"Spree","article_modified_time":"2024-07-03T09:16:03+00:00","twitter_card":"summary_large_image","schema":{"@context":"https:\/\/schema.org","@graph":[{"@type":"WebPage","@id":"https:\/\/www.spree-bestattungen.de\/de\/bestattungsarten\/","url":"https:\/\/www.spree-bestattungen.de\/de\/bestattungsarten\/","name":"Bestattung - Spree","isPartOf":{"@id":"https:\/\/www.spree-bestattungen.de\/de\/#website"},"datePublished":"2022-10-11T13:18:01+00:00","dateModified":"2024-07-03T09:16:03+00:00","description":"Die Kosten einer Bestattung h\u00e4ngen von mehreren Faktoren ab. Gemeinsam mit Ihnen erstellen wir einen Plan, der Ihr Budget ber\u00fccksichtigt.","inLanguage":"de-DE","potentialAction":[{"@type":"ReadAction","target":["https:\/\/www.spree-bestattungen.de\/de\/bestattungsarten\/"]}]},{"@type":"WebSite","@id":"https:\/\/www.spree-bestattungen.de\/de\/#website","url":"https:\/\/www.spree-bestattungen.de\/de\/","name":"Spree","description":"Just another Sereni Sites site","potentialAction":[{"@type":"SearchAction","target":{"@type":"EntryPoint","urlTemplate":"https:\/\/www.spree-bestattungen.de\/de\/?s={search_term_string}"},"query-input":{"@type":"PropertyValueSpecification","valueRequired":true,"valueName":"search_term_string"}}],"inLanguage":"de-DE"}]}},"_links":{"self":[{"href":"https:\/\/www.spree-bestattungen.de\/de\/wp-json\/wp\/v2\/pages\/111","targetHints":{"allow":["GET"]}}],"collection":[{"href":"https:\/\/www.spree-bestattungen.de\/de\/wp-json\/wp\/v2\/pages"}],"about":[{"href":"https:\/\/www.spree-bestattungen.de\/de\/wp-json\/wp\/v2\/types\/page"}],"author":[{"embeddable":true,"href":"https:\/\/www.spree-bestattungen.de\/de\/wp-json\/wp\/v2\/users\/1"}],"replies":[{"embeddable":true,"href":"https:\/\/www.spree-bestattungen.de\/de\/wp-json\/wp\/v2\/comments?post=111"}],"version-history":[{"count":71,"href":"https:\/\/www.spree-bestattungen.de\/de\/wp-json\/wp\/v2\/pages\/111\/revisions"}],"predecessor-version":[{"id":2235,"href":"https:\/\/www.spree-bestattungen.de\/de\/wp-json\/wp\/v2\/pages\/111\/revisions\/2235"}],"wp:attachment":[{"href":"https:\/\/www.spree-bestattungen.de\/de\/wp-json\/wp\/v2\/media?parent=111"}],"curies":[{"name":"wp","href":"https:\/\/api.w.org\/{rel}","templated":true}]}}