{"id":116,"date":"2022-10-11T13:19:53","date_gmt":"2022-10-11T13:19:53","guid":{"rendered":"https:\/\/www.spree-bestattungen.de\/\/?page_id=116"},"modified":"2023-10-19T11:53:41","modified_gmt":"2023-10-19T11:53:41","slug":"andenken","status":"publish","type":"page","link":"https:\/\/www.spree-bestattungen.de\/de\/andenken\/","title":{"rendered":"Andenken"},"content":{"rendered":"\n<div id=\"block-main-banner-block_6f906f5e4c986622e4e99dc638d885a7\" class=\"block-main-banner\">\n    <div class=\"container\">\n        <div class=\"banner-wrap layout2 content_right content_top\">\n            <div class=\"banner-image\">\n                                                            <img loading=\"lazy\" decoding=\"async\" width=\"1440\" height=\"1147\" src=\"https:\/\/shop.sereni.de\/app\/uploads\/sites\/13\/2023\/09\/nong-MCForsxac5E-unsplash-scaled-e1693826106980-1440x1147.jpg\" class=\"attachment-full-stretched size-full-stretched\" alt=\"Andenken\" srcset=\"https:\/\/shop.sereni.de\/app\/uploads\/sites\/13\/2023\/09\/nong-MCForsxac5E-unsplash-scaled-e1693826106980-1440x1147.jpg 1440w, https:\/\/shop.sereni.de\/app\/uploads\/sites\/13\/2023\/09\/nong-MCForsxac5E-unsplash-scaled-e1693826106980-300x239.jpg 300w, https:\/\/shop.sereni.de\/app\/uploads\/sites\/13\/2023\/09\/nong-MCForsxac5E-unsplash-scaled-e1693826106980-1024x816.jpg 1024w, https:\/\/shop.sereni.de\/app\/uploads\/sites\/13\/2023\/09\/nong-MCForsxac5E-unsplash-scaled-e1693826106980-377x300.jpg 377w, https:\/\/shop.sereni.de\/app\/uploads\/sites\/13\/2023\/09\/nong-MCForsxac5E-unsplash-scaled-e1693826106980-1300x1036.jpg 1300w, https:\/\/shop.sereni.de\/app\/uploads\/sites\/13\/2023\/09\/nong-MCForsxac5E-unsplash-scaled-e1693826106980.jpg 1702w\" sizes=\"auto, (max-width: 1440px) 100vw, 1440px\" title=\"Andenken\" \/>                                                <\/div>\n\n                            <div class=\"banner-content\">\n                    <div class=\"inner\">\n                        <h3><span class=\"span_left\">EIN WEG DES ERINNERNS.<br \/>\n<\/span><span class=\"span_center\">EIN DENKMAL DER ZUNEIGUNG.<br \/>\n<\/span><span class=\"span_right\">EIN TROST F\u00dcR DIE EWIGKEIT.<\/span><\/h3>\n<p><em class=\"red\">Wenn ein Mensch geht,<\/em> lebt er dennoch in den Erinnerungen seiner Angeh\u00f6rigen weiter.<\/p>\n<p>Einzigartige Andenken helfen Ihnen, solche Erinnerungen noch nach Jahren aufleuchten zu lassen.<\/p>\n<p>Einige Anregungen finden Sie an dieser Stelle \u2013 weitere M\u00f6glichkeiten stellen wir Ihnen im pers\u00f6nlichen Gespr\u00e4ch vor.<\/p>\n                    <\/div>\n                <\/div>\n                    <\/div>\n    <\/div>\n<\/div>\n\n\n\n<div id=\"block-main-banner-block_e4c2ed7893a92b76df8d589c00dd711b\" class=\"block-main-banner\">\n    <div class=\"container\">\n        <div class=\"banner-wrap layout2 content_right content_top\">\n            <div class=\"banner-image\">\n                                                            <img loading=\"lazy\" decoding=\"async\" width=\"580\" height=\"300\" src=\"https:\/\/shop.sereni.de\/app\/uploads\/sites\/13\/2023\/09\/edler_schmuck.jpg\" class=\"attachment-full-stretched size-full-stretched\" alt=\"Andenken\" srcset=\"https:\/\/shop.sereni.de\/app\/uploads\/sites\/13\/2023\/09\/edler_schmuck.jpg 580w, https:\/\/shop.sereni.de\/app\/uploads\/sites\/13\/2023\/09\/edler_schmuck-300x155.jpg 300w, https:\/\/shop.sereni.de\/app\/uploads\/sites\/13\/2023\/09\/edler_schmuck-500x259.jpg 500w\" sizes=\"auto, (max-width: 580px) 100vw, 580px\" title=\"Andenken\" \/>                                                <\/div>\n\n                            <div class=\"banner-content\">\n                    <div class=\"inner\">\n                        <p>Gemeinsam mit unserem Partner <strong>jewel-concepts.d<\/strong>e fertigen wir hochwertige Schmuckst\u00fccke mit dem Fingerabdruck des Verstorbenen.<\/p>\n                    <\/div>\n                <\/div>\n                    <\/div>\n    <\/div>\n<\/div>\n\n\n\n<div id=\"block-main-banner-block_29780d2bb8b261cef268769f1b68f6a1\" class=\"block-main-banner\">\n    <div class=\"container\">\n        <div class=\"banner-wrap layout2 content_left content_top\">\n            <div class=\"banner-image\">\n                                                            <img loading=\"lazy\" decoding=\"async\" width=\"580\" height=\"300\" src=\"https:\/\/shop.sereni.de\/app\/uploads\/sites\/13\/2023\/09\/nano-secrets1.jpg\" class=\"attachment-full-stretched size-full-stretched\" alt=\"Andenken\" srcset=\"https:\/\/shop.sereni.de\/app\/uploads\/sites\/13\/2023\/09\/nano-secrets1.jpg 580w, https:\/\/shop.sereni.de\/app\/uploads\/sites\/13\/2023\/09\/nano-secrets1-300x155.jpg 300w, https:\/\/shop.sereni.de\/app\/uploads\/sites\/13\/2023\/09\/nano-secrets1-500x259.jpg 500w\" sizes=\"auto, (max-width: 580px) 100vw, 580px\" title=\"Andenken\" \/>                                                <\/div>\n\n                            <div class=\"banner-content\">\n                    <div class=\"inner\">\n                        <p>Ob ein Teil der Asche, ein St\u00fcckchen Stoff oder ein anderes kleines Andenken \u2013 mit den edlen Schmuckst\u00fccken unseres Partners <strong>Nano Secret<\/strong> k\u00f6nnen Sie Erinnerungen immer bei sich tragen.<\/p>\n                    <\/div>\n                <\/div>\n                    <\/div>\n    <\/div>\n<\/div>\n\n\n\n<div id=\"block-main-banner-block_53930750e3ed40159391873e06b72ef0\" class=\"block-main-banner\">\n    <div class=\"container\">\n        <div class=\"banner-wrap layout2 content_right content_top\">\n            <div class=\"banner-image\">\n                                                            <img loading=\"lazy\" decoding=\"async\" width=\"580\" height=\"300\" src=\"https:\/\/shop.sereni.de\/app\/uploads\/sites\/13\/2023\/09\/nano-secrets2.jpg\" class=\"attachment-full-stretched size-full-stretched\" alt=\"Andenken\" srcset=\"https:\/\/shop.sereni.de\/app\/uploads\/sites\/13\/2023\/09\/nano-secrets2.jpg 580w, https:\/\/shop.sereni.de\/app\/uploads\/sites\/13\/2023\/09\/nano-secrets2-300x155.jpg 300w, https:\/\/shop.sereni.de\/app\/uploads\/sites\/13\/2023\/09\/nano-secrets2-500x259.jpg 500w\" sizes=\"auto, (max-width: 580px) 100vw, 580px\" title=\"Andenken\" \/>                                                <\/div>\n\n                    <\/div>\n    <\/div>\n<\/div>\n","protected":false},"excerpt":{"rendered":"","protected":false},"author":2332,"featured_media":0,"parent":0,"menu_order":0,"comment_status":"closed","ping_status":"closed","template":"","meta":{"_acf_changed":false,"footnotes":""},"class_list":["post-116","page","type-page","status-publish","hentry"],"acf":[],"yoast_head":"<!-- This site is optimized with the Yoast SEO plugin v25.8 - https:\/\/yoast.com\/wordpress\/plugins\/seo\/ -->\n<title>Andenken - Spree<\/title>\n<meta name=\"description\" content=\"Wenn ein Mensch geht, lebt er dennoch in den Erinnerungen seiner Angeh\u00f6rigen weiter. Einige Anregungen finden Sie an dieser Stelle.\" \/>\n<meta name=\"robots\" content=\"index, follow, max-snippet:-1, max-image-preview:large, max-video-preview:-1\" \/>\n<link rel=\"canonical\" href=\"https:\/\/www.spree-bestattungen.de\/de\/andenken\/\" \/>\n<meta property=\"og:locale\" content=\"de_DE\" \/>\n<meta property=\"og:type\" content=\"article\" \/>\n<meta property=\"og:title\" content=\"Andenken - Spree\" \/>\n<meta property=\"og:description\" content=\"Wenn ein Mensch geht, lebt er dennoch in den Erinnerungen seiner Angeh\u00f6rigen weiter. Einige Anregungen finden Sie an dieser Stelle.\" \/>\n<meta property=\"og:url\" content=\"https:\/\/www.spree-bestattungen.de\/de\/andenken\/\" \/>\n<meta property=\"og:site_name\" content=\"Spree\" \/>\n<meta property=\"article:modified_time\" content=\"2023-10-19T11:53:41+00:00\" \/>\n<meta name=\"twitter:card\" content=\"summary_large_image\" \/>\n<script type=\"application\/ld+json\" class=\"yoast-schema-graph\">{\"@context\":\"https:\/\/schema.org\",\"@graph\":[{\"@type\":\"WebPage\",\"@id\":\"https:\/\/www.spree-bestattungen.de\/de\/andenken\/\",\"url\":\"https:\/\/www.spree-bestattungen.de\/de\/andenken\/\",\"name\":\"Andenken - Spree\",\"isPartOf\":{\"@id\":\"https:\/\/www.spree-bestattungen.de\/de\/#website\"},\"datePublished\":\"2022-10-11T13:19:53+00:00\",\"dateModified\":\"2023-10-19T11:53:41+00:00\",\"description\":\"Wenn ein Mensch geht, lebt er dennoch in den Erinnerungen seiner Angeh\u00f6rigen weiter. Einige Anregungen finden Sie an dieser Stelle.\",\"inLanguage\":\"de-DE\",\"potentialAction\":[{\"@type\":\"ReadAction\",\"target\":[\"https:\/\/www.spree-bestattungen.de\/de\/andenken\/\"]}]},{\"@type\":\"WebSite\",\"@id\":\"https:\/\/www.spree-bestattungen.de\/de\/#website\",\"url\":\"https:\/\/www.spree-bestattungen.de\/de\/\",\"name\":\"Spree\",\"description\":\"Just another Sereni Sites site\",\"potentialAction\":[{\"@type\":\"SearchAction\",\"target\":{\"@type\":\"EntryPoint\",\"urlTemplate\":\"https:\/\/www.spree-bestattungen.de\/de\/?s={search_term_string}\"},\"query-input\":{\"@type\":\"PropertyValueSpecification\",\"valueRequired\":true,\"valueName\":\"search_term_string\"}}],\"inLanguage\":\"de-DE\"}]}<\/script>\n<!-- \/ Yoast SEO plugin. -->","yoast_head_json":{"title":"Andenken - Spree","description":"Wenn ein Mensch geht, lebt er dennoch in den Erinnerungen seiner Angeh\u00f6rigen weiter. Einige Anregungen finden Sie an dieser Stelle.","robots":{"index":"index","follow":"follow","max-snippet":"max-snippet:-1","max-image-preview":"max-image-preview:large","max-video-preview":"max-video-preview:-1"},"canonical":"https:\/\/www.spree-bestattungen.de\/de\/andenken\/","og_locale":"de_DE","og_type":"article","og_title":"Andenken - Spree","og_description":"Wenn ein Mensch geht, lebt er dennoch in den Erinnerungen seiner Angeh\u00f6rigen weiter. Einige Anregungen finden Sie an dieser Stelle.","og_url":"https:\/\/www.spree-bestattungen.de\/de\/andenken\/","og_site_name":"Spree","article_modified_time":"2023-10-19T11:53:41+00:00","twitter_card":"summary_large_image","schema":{"@context":"https:\/\/schema.org","@graph":[{"@type":"WebPage","@id":"https:\/\/www.spree-bestattungen.de\/de\/andenken\/","url":"https:\/\/www.spree-bestattungen.de\/de\/andenken\/","name":"Andenken - Spree","isPartOf":{"@id":"https:\/\/www.spree-bestattungen.de\/de\/#website"},"datePublished":"2022-10-11T13:19:53+00:00","dateModified":"2023-10-19T11:53:41+00:00","description":"Wenn ein Mensch geht, lebt er dennoch in den Erinnerungen seiner Angeh\u00f6rigen weiter. Einige Anregungen finden Sie an dieser Stelle.","inLanguage":"de-DE","potentialAction":[{"@type":"ReadAction","target":["https:\/\/www.spree-bestattungen.de\/de\/andenken\/"]}]},{"@type":"WebSite","@id":"https:\/\/www.spree-bestattungen.de\/de\/#website","url":"https:\/\/www.spree-bestattungen.de\/de\/","name":"Spree","description":"Just another Sereni Sites site","potentialAction":[{"@type":"SearchAction","target":{"@type":"EntryPoint","urlTemplate":"https:\/\/www.spree-bestattungen.de\/de\/?s={search_term_string}"},"query-input":{"@type":"PropertyValueSpecification","valueRequired":true,"valueName":"search_term_string"}}],"inLanguage":"de-DE"}]}},"_links":{"self":[{"href":"https:\/\/www.spree-bestattungen.de\/de\/wp-json\/wp\/v2\/pages\/116","targetHints":{"allow":["GET"]}}],"collection":[{"href":"https:\/\/www.spree-bestattungen.de\/de\/wp-json\/wp\/v2\/pages"}],"about":[{"href":"https:\/\/www.spree-bestattungen.de\/de\/wp-json\/wp\/v2\/types\/page"}],"author":[{"embeddable":true,"href":"https:\/\/www.spree-bestattungen.de\/de\/wp-json\/wp\/v2\/users\/2332"}],"replies":[{"embeddable":true,"href":"https:\/\/www.spree-bestattungen.de\/de\/wp-json\/wp\/v2\/comments?post=116"}],"version-history":[{"count":67,"href":"https:\/\/www.spree-bestattungen.de\/de\/wp-json\/wp\/v2\/pages\/116\/revisions"}],"predecessor-version":[{"id":2125,"href":"https:\/\/www.spree-bestattungen.de\/de\/wp-json\/wp\/v2\/pages\/116\/revisions\/2125"}],"wp:attachment":[{"href":"https:\/\/www.spree-bestattungen.de\/de\/wp-json\/wp\/v2\/media?parent=116"}],"curies":[{"name":"wp","href":"https:\/\/api.w.org\/{rel}","templated":true}]}}