{"id":118,"date":"2022-10-11T13:20:54","date_gmt":"2022-10-11T13:20:54","guid":{"rendered":"https:\/\/www.spree-bestattungen.de\/\/?page_id=118"},"modified":"2024-07-03T09:16:54","modified_gmt":"2024-07-03T09:16:54","slug":"abschied","status":"publish","type":"page","link":"https:\/\/www.spree-bestattungen.de\/de\/abschied\/","title":{"rendered":"Abschied"},"content":{"rendered":"\n<div id=\"block-main-banner-block_7e9528172e576e8dcda1731901ab32e9\" class=\"block-main-banner\">\n    <div class=\"container\">\n        <div class=\"banner-wrap layout2 content_right content_bottom\">\n            <div class=\"banner-image\">\n                                                            <img loading=\"lazy\" decoding=\"async\" width=\"960\" height=\"1440\" src=\"https:\/\/shop.sereni.de\/app\/uploads\/sites\/13\/2024\/06\/Spree_Emden_Image_09-960x1440.jpg\" class=\"attachment-full-stretched size-full-stretched\" alt=\"Abschied\" srcset=\"https:\/\/shop.sereni.de\/app\/uploads\/sites\/13\/2024\/06\/Spree_Emden_Image_09-960x1440.jpg 960w, https:\/\/shop.sereni.de\/app\/uploads\/sites\/13\/2024\/06\/Spree_Emden_Image_09-200x300.jpg 200w, https:\/\/shop.sereni.de\/app\/uploads\/sites\/13\/2024\/06\/Spree_Emden_Image_09-683x1024.jpg 683w, https:\/\/shop.sereni.de\/app\/uploads\/sites\/13\/2024\/06\/Spree_Emden_Image_09-867x1300.jpg 867w\" sizes=\"auto, (max-width: 960px) 100vw, 960px\" title=\"Abschied\" \/>                                                <\/div>\n\n                            <div class=\"banner-content\">\n                    <div class=\"inner\">\n                        <h4><span class=\"span_left\">EIN LETZTER LIEBESBEWEIS.<br \/>\n<\/span><span class=\"span_center\">EIN MOMENT DES INNEHALTENS.<br \/>\n<\/span><span class=\"span_right\">EIN BEWUSSTER ABSCHIED.<\/span><\/h4>\n<p><em class=\"red\">Der Mensch neben Ihnen ist pl\u00f6tzlich nicht mehr da<\/em> \u2013 das ist etwas, das nur schwer zu begreifen ist. Durch unsere fachgerechte hygienische Versorgung des Verstorbenen erm\u00f6glichen wir Ihnen einen bewussten Abschied am offenen Sarg. Auf diese Weise helfen wir Ihnen dabei, den Tod anzunehmen und St\u00fcck f\u00fcr St\u00fcck loszulassen. Unter Einsatz der Thanatopraxie k\u00f6nnen wir den Verstorbenen sogar nach einem schweren Unfall w\u00fcrdevoll aufbahren.<\/p>\n<p>Auf dem Weg des Loslassens beziehen wir die ganze Familie mit ein, vor allem die Kinder. Vom Bemalen des Sarges oder der Urne \u00fcber die Mitgabe pers\u00f6nlicher Gegenst\u00e4nde bis hin zur Mitgestaltung und Dekoration der Trauerfeier. Dieser Abschiedsprozess gibt Ihrer Familie das gute Gef\u00fchl, noch etwas f\u00fcr den Verstorbenen tun zu k\u00f6nnen, ihm einen letzten Dienst zu erweisen.<\/p>\n<p style=\"text-align: center\"><a class=\"btn btn-primary\" href=\"https:\/\/www.spree-bestattungen.de\/de\/kontakt\/\">Kontakt<\/a><\/p>\n                    <\/div>\n                <\/div>\n                    <\/div>\n    <\/div>\n<\/div>\n\n\n<div id=\"block-variable-content-list-block_555e51648e53dcfc6989df6472c97aa3\" class=\"block-variable-content-list alt_1\">\n    <div class=\"container\">\n        <div class=\"widget-wrap per_row_2\">\n                        <div class=\"block-content\">\n                                                                                    <div class=\"element\">\n                                                            \n                                \n                                                                    <div class=\"content-wrap\">\n                                        <p><span class=\"type-g\"><strong>Mut zu einem besonderen Schritt.<\/strong><\/span><\/p>\n<p>Aus Erfahrung wissen wir, dass es f\u00fcr Hinterbliebene ein wichtiger Schritt in der Trauerbew\u00e4ltigung sein kann, aktiv an der Versorgung, Einkleidung und Einbettung des Verstorbenen mitzuwirken. Wir m\u00f6chten Sie ausdr\u00fccklich zu dieser Form der Abschiednahme ermutigen. Alle Aufgaben, die Sie sich zutrauen, d\u00fcrfen Sie auch selbst \u00fcbernehmen. Wir assistieren, wo und wann Sie uns brauchen.<\/p>\n<p>&nbsp;<\/p>\n                                    <\/div>\n                                                                                    <\/div>\n                                                                    <div class=\"element\">\n                                                            \n                                \n                                                                    <div class=\"content-wrap\">\n                                        <p><span class=\"type-g\"><strong>Das letzte gemeinsame Fest.<\/strong><\/span><\/p>\n<p>Jeder Verstorbene sollte ein Begr\u00e4bnis erhalten, das seiner Pers\u00f6nlichkeit gerecht wird, sein Leben in Erinnerung ruft, seine Einzigartigkeit hervorhebt. Wir besprechen mit Ihnen, wie sich die Zeremonie individuell gestalten l\u00e4sst, und ermuntern Sie, eigene kreative Ideen einzubringen. Wir freuen uns, wenn wir Ihnen au\u00dfergew\u00f6hnliche W\u00fcnsche erf\u00fcllen und so einen Verstorbenen auf besondere Weise ehren d\u00fcrfen.<\/p>\n                                    <\/div>\n                                                                                    <\/div>\n                                                <\/div>\n        <\/div>\n    <\/div>\n<\/div>\n","protected":false},"excerpt":{"rendered":"","protected":false},"author":2332,"featured_media":0,"parent":0,"menu_order":0,"comment_status":"closed","ping_status":"closed","template":"","meta":{"_acf_changed":false,"footnotes":""},"class_list":["post-118","page","type-page","status-publish","hentry"],"acf":[],"yoast_head":"<!-- This site is optimized with the Yoast SEO plugin v25.8 - https:\/\/yoast.com\/wordpress\/plugins\/seo\/ -->\n<title>Abschied - Spree<\/title>\n<meta name=\"description\" content=\"EIN LETZTER LIEBESBEWEIS. EIN MOMENT DES INNEHALTENS. EIN BEWUSSTER ABSCHIED.\" \/>\n<meta name=\"robots\" content=\"index, follow, max-snippet:-1, max-image-preview:large, max-video-preview:-1\" \/>\n<link rel=\"canonical\" href=\"https:\/\/www.spree-bestattungen.de\/de\/abschied\/\" \/>\n<meta property=\"og:locale\" content=\"de_DE\" \/>\n<meta property=\"og:type\" content=\"article\" \/>\n<meta property=\"og:title\" content=\"Abschied - Spree\" \/>\n<meta property=\"og:description\" content=\"EIN LETZTER LIEBESBEWEIS. EIN MOMENT DES INNEHALTENS. EIN BEWUSSTER ABSCHIED.\" \/>\n<meta property=\"og:url\" content=\"https:\/\/www.spree-bestattungen.de\/de\/abschied\/\" \/>\n<meta property=\"og:site_name\" content=\"Spree\" \/>\n<meta property=\"article:modified_time\" content=\"2024-07-03T09:16:54+00:00\" \/>\n<meta name=\"twitter:card\" content=\"summary_large_image\" \/>\n<script type=\"application\/ld+json\" class=\"yoast-schema-graph\">{\"@context\":\"https:\/\/schema.org\",\"@graph\":[{\"@type\":\"WebPage\",\"@id\":\"https:\/\/www.spree-bestattungen.de\/de\/abschied\/\",\"url\":\"https:\/\/www.spree-bestattungen.de\/de\/abschied\/\",\"name\":\"Abschied - Spree\",\"isPartOf\":{\"@id\":\"https:\/\/www.spree-bestattungen.de\/de\/#website\"},\"datePublished\":\"2022-10-11T13:20:54+00:00\",\"dateModified\":\"2024-07-03T09:16:54+00:00\",\"description\":\"EIN LETZTER LIEBESBEWEIS. EIN MOMENT DES INNEHALTENS. EIN BEWUSSTER ABSCHIED.\",\"inLanguage\":\"de-DE\",\"potentialAction\":[{\"@type\":\"ReadAction\",\"target\":[\"https:\/\/www.spree-bestattungen.de\/de\/abschied\/\"]}]},{\"@type\":\"WebSite\",\"@id\":\"https:\/\/www.spree-bestattungen.de\/de\/#website\",\"url\":\"https:\/\/www.spree-bestattungen.de\/de\/\",\"name\":\"Spree\",\"description\":\"Just another Sereni Sites site\",\"potentialAction\":[{\"@type\":\"SearchAction\",\"target\":{\"@type\":\"EntryPoint\",\"urlTemplate\":\"https:\/\/www.spree-bestattungen.de\/de\/?s={search_term_string}\"},\"query-input\":{\"@type\":\"PropertyValueSpecification\",\"valueRequired\":true,\"valueName\":\"search_term_string\"}}],\"inLanguage\":\"de-DE\"}]}<\/script>\n<!-- \/ Yoast SEO plugin. -->","yoast_head_json":{"title":"Abschied - Spree","description":"EIN LETZTER LIEBESBEWEIS. EIN MOMENT DES INNEHALTENS. EIN BEWUSSTER ABSCHIED.","robots":{"index":"index","follow":"follow","max-snippet":"max-snippet:-1","max-image-preview":"max-image-preview:large","max-video-preview":"max-video-preview:-1"},"canonical":"https:\/\/www.spree-bestattungen.de\/de\/abschied\/","og_locale":"de_DE","og_type":"article","og_title":"Abschied - Spree","og_description":"EIN LETZTER LIEBESBEWEIS. EIN MOMENT DES INNEHALTENS. EIN BEWUSSTER ABSCHIED.","og_url":"https:\/\/www.spree-bestattungen.de\/de\/abschied\/","og_site_name":"Spree","article_modified_time":"2024-07-03T09:16:54+00:00","twitter_card":"summary_large_image","schema":{"@context":"https:\/\/schema.org","@graph":[{"@type":"WebPage","@id":"https:\/\/www.spree-bestattungen.de\/de\/abschied\/","url":"https:\/\/www.spree-bestattungen.de\/de\/abschied\/","name":"Abschied - Spree","isPartOf":{"@id":"https:\/\/www.spree-bestattungen.de\/de\/#website"},"datePublished":"2022-10-11T13:20:54+00:00","dateModified":"2024-07-03T09:16:54+00:00","description":"EIN LETZTER LIEBESBEWEIS. EIN MOMENT DES INNEHALTENS. EIN BEWUSSTER ABSCHIED.","inLanguage":"de-DE","potentialAction":[{"@type":"ReadAction","target":["https:\/\/www.spree-bestattungen.de\/de\/abschied\/"]}]},{"@type":"WebSite","@id":"https:\/\/www.spree-bestattungen.de\/de\/#website","url":"https:\/\/www.spree-bestattungen.de\/de\/","name":"Spree","description":"Just another Sereni Sites site","potentialAction":[{"@type":"SearchAction","target":{"@type":"EntryPoint","urlTemplate":"https:\/\/www.spree-bestattungen.de\/de\/?s={search_term_string}"},"query-input":{"@type":"PropertyValueSpecification","valueRequired":true,"valueName":"search_term_string"}}],"inLanguage":"de-DE"}]}},"_links":{"self":[{"href":"https:\/\/www.spree-bestattungen.de\/de\/wp-json\/wp\/v2\/pages\/118","targetHints":{"allow":["GET"]}}],"collection":[{"href":"https:\/\/www.spree-bestattungen.de\/de\/wp-json\/wp\/v2\/pages"}],"about":[{"href":"https:\/\/www.spree-bestattungen.de\/de\/wp-json\/wp\/v2\/types\/page"}],"author":[{"embeddable":true,"href":"https:\/\/www.spree-bestattungen.de\/de\/wp-json\/wp\/v2\/users\/2332"}],"replies":[{"embeddable":true,"href":"https:\/\/www.spree-bestattungen.de\/de\/wp-json\/wp\/v2\/comments?post=118"}],"version-history":[{"count":103,"href":"https:\/\/www.spree-bestattungen.de\/de\/wp-json\/wp\/v2\/pages\/118\/revisions"}],"predecessor-version":[{"id":2237,"href":"https:\/\/www.spree-bestattungen.de\/de\/wp-json\/wp\/v2\/pages\/118\/revisions\/2237"}],"wp:attachment":[{"href":"https:\/\/www.spree-bestattungen.de\/de\/wp-json\/wp\/v2\/media?parent=118"}],"curies":[{"name":"wp","href":"https:\/\/api.w.org\/{rel}","templated":true}]}}