{"id":130,"date":"2022-10-11T13:24:54","date_gmt":"2022-10-11T13:24:54","guid":{"rendered":"https:\/\/www.spree-bestattungen.de\/\/?page_id=130"},"modified":"2023-10-19T11:55:58","modified_gmt":"2023-10-19T11:55:58","slug":"unterstuetzung","status":"publish","type":"page","link":"https:\/\/www.spree-bestattungen.de\/de\/unterstuetzung\/","title":{"rendered":"Unterst\u00fctzung durch Ihren Bestatter"},"content":{"rendered":"\n<div id=\"block-main-banner-block_d7a49bb0230f5dc6e112c78e939dd08f\" class=\"block-main-banner\">\n    <div class=\"container\">\n        <div class=\"banner-wrap layout2 content_left content_top\">\n            <div class=\"banner-image\">\n                                                            <img loading=\"lazy\" decoding=\"async\" width=\"515\" height=\"539\" src=\"https:\/\/shop.sereni.de\/app\/uploads\/sites\/13\/2022\/12\/Bild2-e1671102276197.jpg\" class=\"attachment-full-stretched size-full-stretched\" alt=\"Unterst\u00fctzung durch Ihren Bestatter\" srcset=\"https:\/\/shop.sereni.de\/app\/uploads\/sites\/13\/2022\/12\/Bild2-e1671102276197.jpg 515w, https:\/\/shop.sereni.de\/app\/uploads\/sites\/13\/2022\/12\/Bild2-e1671102276197-287x300.jpg 287w\" sizes=\"auto, (max-width: 515px) 100vw, 515px\" title=\"Unterst\u00fctzung durch Ihren Bestatter\" \/>                                                <\/div>\n\n                            <div class=\"banner-content\">\n                    <div class=\"inner\">\n                        <h2><strong>Administrative Unterst\u00fctzung<\/strong><\/h2>\n<p>Wir entlasten Sie auf Wunsch bei allen Formalit\u00e4ten:<\/p>\n<div class=\"sidelist\">\n<ul>\n<li>Beschaffung der Sterbeurkunde und anderer wichtiger Dokumente<\/li>\n<li>Absprachen mit Friedhofsverwaltungen und Pfarr\u00e4mtern<\/li>\n<li>Planung, Organisation und Durchf\u00fchrung der Trauerfeier inklusive Terminfestlegung bei Stadt oder Kirche<\/li>\n<li>Gestaltung von Trauerkarten und Anzeigen<\/li>\n<li>Antragstellungen bei \u00c4mtern, Rentenkasse, Krankenkasse und Versicherungen<\/li>\n<li>K\u00fcndigung laufender Mitgliedschaften und Vertr\u00e4ge<\/li>\n<\/ul>\n<h4><strong><span style=\"color: #000000\"><a class=\"btn btn-secondary\" style=\"color: #000000\" href=\"https:\/\/www.spree-bestattungen.de\/de\/kontakt\/\">Kontaktieren Sie uns<\/a><\/span><\/strong><\/h4>\n<div>\n<div><\/div>\n<\/div>\n<\/div>\n                    <\/div>\n                <\/div>\n                    <\/div>\n    <\/div>\n<\/div>\n\n\n\n<blockquote class=\"wp-block-quote is-layout-flow wp-block-quote-is-layout-flow\">\n<h1 class=\"wp-block-heading normal\">EINE STARKE SCHULTER.<br>EIN OFFENES OHR.<br>EINE HELFENDE HAND.<\/h1>\n<\/blockquote>\n\n\n\n<div id=\"block-main-banner-block_679fefd3bcf4477eb82f18e5d287f6d2\" class=\"block-main-banner\">\n    <div class=\"container\">\n        <div class=\"banner-wrap layout2 content_right content_top\">\n            <div class=\"banner-image\">\n                                                            <img loading=\"lazy\" decoding=\"async\" width=\"800\" height=\"532\" src=\"https:\/\/shop.sereni.de\/app\/uploads\/sites\/13\/2023\/09\/abschied.jpg\" class=\"attachment-full-stretched size-full-stretched\" alt=\"Unterst\u00fctzung durch Ihren Bestatter\" srcset=\"https:\/\/shop.sereni.de\/app\/uploads\/sites\/13\/2023\/09\/abschied.jpg 800w, https:\/\/shop.sereni.de\/app\/uploads\/sites\/13\/2023\/09\/abschied-300x200.jpg 300w, https:\/\/shop.sereni.de\/app\/uploads\/sites\/13\/2023\/09\/abschied-451x300.jpg 451w\" sizes=\"auto, (max-width: 800px) 100vw, 800px\" title=\"Unterst\u00fctzung durch Ihren Bestatter\" \/>                                                <\/div>\n\n                            <div class=\"banner-content\">\n                    <div class=\"inner\">\n                        <h3 style=\"text-align: left\"><strong>Organisation der Trauerfeier<\/strong><\/h3>\n<h3 style=\"text-align: left\">Stimmungsvoll das vergangene Leben ehren.<\/h3>\n<p style=\"text-align: left\">Sprechen Sie mit uns \u00fcber Ihre Ideen f\u00fcr eine w\u00fcrdevolle Feierlichkeit, die Ihren Vorstellungen entspricht und die Pers\u00f6nlichkeit des Verstorbenen ehrt. Alles Organisatorische von der Planung bis zur Durchf\u00fchrung der Trauerfeier \u00fcbernehmen wir, soweit Sie es w\u00fcnschen. Auch mit der Kirchengemeinde des Verstorbenen nehmen wir Kontakt auf.<\/p>\n                    <\/div>\n                <\/div>\n                    <\/div>\n    <\/div>\n<\/div>\n\n\n\n<div id=\"block-main-banner-block_273603c3491f41117446fcc591d62505\" class=\"block-main-banner\">\n    <div class=\"container\">\n        <div class=\"banner-wrap layout2 content_left content_top\">\n            <div class=\"banner-image\">\n                                                            <img loading=\"lazy\" decoding=\"async\" width=\"1440\" height=\"960\" src=\"https:\/\/shop.sereni.de\/app\/uploads\/sites\/13\/2023\/09\/mediamodifier-r4u3XMnELdY-unsplash-1440x960.jpg\" class=\"attachment-full-stretched size-full-stretched\" alt=\"Unterst\u00fctzung durch Ihren Bestatter\" srcset=\"https:\/\/shop.sereni.de\/app\/uploads\/sites\/13\/2023\/09\/mediamodifier-r4u3XMnELdY-unsplash-1440x960.jpg 1440w, https:\/\/shop.sereni.de\/app\/uploads\/sites\/13\/2023\/09\/mediamodifier-r4u3XMnELdY-unsplash-300x200.jpg 300w, https:\/\/shop.sereni.de\/app\/uploads\/sites\/13\/2023\/09\/mediamodifier-r4u3XMnELdY-unsplash-1024x683.jpg 1024w, https:\/\/shop.sereni.de\/app\/uploads\/sites\/13\/2023\/09\/mediamodifier-r4u3XMnELdY-unsplash-450x300.jpg 450w, https:\/\/shop.sereni.de\/app\/uploads\/sites\/13\/2023\/09\/mediamodifier-r4u3XMnELdY-unsplash-1300x867.jpg 1300w\" sizes=\"auto, (max-width: 1440px) 100vw, 1440px\" title=\"Unterst\u00fctzung durch Ihren Bestatter\" \/>                                                <\/div>\n\n                            <div class=\"banner-content\">\n                    <div class=\"inner\">\n                        <h3><strong>Professioneller Trauerdruck<\/strong><\/h3>\n<h3>Stilvolle Benachrichtigung als Erinnerungsst\u00fcck.<\/h3>\n<p>Wir bieten Ihnen eine gro\u00dfe Auswahl professionell erstellter Gestaltungsvorlagen f\u00fcr Trauerkarten, Anzeigen und Danksagungen. Sie w\u00e4hlen aus, was Ihnen gef\u00e4llt, und haben dar\u00fcber hinaus die M\u00f6glichkeit, eigene Bilder oder Zitate einzubringen.<\/p>\n<p>Alle Drucksachen werden dann z\u00fcgig in hoher Qualit\u00e4t produziert und stehen auf Wunsch auch zur Online-Ver\u00f6ffentlichung zur Verf\u00fcgung.<\/p>\n                    <\/div>\n                <\/div>\n                    <\/div>\n    <\/div>\n<\/div>\n\n\n\n<div id=\"block-main-banner-block_8ca6d6816221ad8e32cecc041f92b301\" class=\"block-main-banner\">\n    <div class=\"container\">\n        <div class=\"banner-wrap layout2 content_right content_top\">\n            <div class=\"banner-image\">\n                                                            <img loading=\"lazy\" decoding=\"async\" width=\"580\" height=\"300\" src=\"https:\/\/shop.sereni.de\/app\/uploads\/sites\/13\/2023\/09\/nano-secrets1-1.jpg\" class=\"attachment-full-stretched size-full-stretched\" alt=\"Unterst\u00fctzung durch Ihren Bestatter\" srcset=\"https:\/\/shop.sereni.de\/app\/uploads\/sites\/13\/2023\/09\/nano-secrets1-1.jpg 580w, https:\/\/shop.sereni.de\/app\/uploads\/sites\/13\/2023\/09\/nano-secrets1-1-300x155.jpg 300w, https:\/\/shop.sereni.de\/app\/uploads\/sites\/13\/2023\/09\/nano-secrets1-1-500x259.jpg 500w\" sizes=\"auto, (max-width: 580px) 100vw, 580px\" title=\"Unterst\u00fctzung durch Ihren Bestatter\" \/>                                                <\/div>\n\n                            <div class=\"banner-content\">\n                    <div class=\"inner\">\n                        <h3><strong>Erinnerungen bewahren:<\/strong><\/h3>\n<h3>Wir fertigen f\u00fcr Sie individuelle Andenken.<\/h3>\n<p><em class=\"red\">Wenn ein Mensch geht,<\/em> lebt er dennoch in den Erinnerungen seiner Angeh\u00f6rigen weiter.<\/p>\n<p>Einzigartige Andenken helfen Ihnen, solche Erinnerungen noch nach Jahren aufleuchten zu lassen.<\/p>\n<p><a class=\"btn btn-primary\" href=\"https:\/\/www.spree-bestattungen.de\/de\/andenken\/\">Unsere Andenken<\/a><\/p>\n                    <\/div>\n                <\/div>\n                    <\/div>\n    <\/div>\n<\/div>\n\n\n\n<div id=\"block-main-banner-block_2b0e7eb6fc443b3a86f879d33b0af7d7\" class=\"block-main-banner\">\n    <div class=\"container\">\n        <div class=\"banner-wrap layout2 content_left content_top\">\n            <div class=\"banner-image\">\n                                                            <img loading=\"lazy\" decoding=\"async\" width=\"530\" height=\"282\" src=\"https:\/\/shop.sereni.de\/app\/uploads\/sites\/13\/2023\/09\/online-services-260fb44f.jpg\" class=\"attachment-full-stretched size-full-stretched\" alt=\"Unterst\u00fctzung durch Ihren Bestatter\" srcset=\"https:\/\/shop.sereni.de\/app\/uploads\/sites\/13\/2023\/09\/online-services-260fb44f.jpg 530w, https:\/\/shop.sereni.de\/app\/uploads\/sites\/13\/2023\/09\/online-services-260fb44f-300x160.jpg 300w, https:\/\/shop.sereni.de\/app\/uploads\/sites\/13\/2023\/09\/online-services-260fb44f-500x266.jpg 500w\" sizes=\"auto, (max-width: 530px) 100vw, 530px\" title=\"Unterst\u00fctzung durch Ihren Bestatter\" \/>                                                <\/div>\n\n                            <div class=\"banner-content\">\n                    <div class=\"inner\">\n                        <h3>Online-Service<\/h3>\n<h3>Unterst\u00fctzung rund um die Uhr.<\/h3>\n<p>Bei Bestattungen Martin Spree sind wir nicht nur pers\u00f6nlich f\u00fcr Sie da, sondern unterst\u00fctzen Sie auch rund um die Uhr online in unserem digitalen Kunden-Center. Hier k\u00f6nnen Sie viele wichtige Dinge im Trauerfall per Mausklick regeln, Erinnerungen an den Verstorbenen bewahren und auch Ihre Trauerdrucksachen mit uns abstimmen. Zu jeder Zeit, bequem von zu Hause aus.<\/p>\n<p><strong>Unsere Online-Services im Kunden-Center<\/strong><\/p>\n<ul>\n<li>Kostenfreie Gedenkseite \u2013 gemeinsam trauern &amp; erinnern<\/li>\n<li>Pers\u00f6nlicher Abmelde-Assistent \u2013 ein ganzes Jahr lang Ab- &amp; Ummeldungen einfach online durchf\u00fchren<\/li>\n<li>Fotobuch-Software \u201eDas Erinnerungsbuch\u201c \u2013 mit Familie und Freunden ein einzigartiges Andenken entwerfen<\/li>\n<li>Trauerdruck-Abstimmung \u2013 schnell &amp; einfach online<\/li>\n<\/ul>\n<p><span class=\"number\"><strong>Sie haben noch keine Login-Daten?<\/strong><br \/>\n<a href=\"https:\/\/web.archive.org\/web\/20221207222359\/https:\/\/www.spree-bestattungen.de\/kontakt.html\">Sprechen Sie uns einfach an<\/a>\u00a0\u2013 wir senden Ihnen zur Registrierung eine E-Mail.<br \/>\n<\/span><\/p>\n<p><a class=\"btn btn-primary\" href=\"https:\/\/mein-kunden.center\/login\">Jetzt einloggen<\/a><\/p>\n                    <\/div>\n                <\/div>\n                    <\/div>\n    <\/div>\n<\/div>\n","protected":false},"excerpt":{"rendered":"<p>EINE STARKE SCHULTER.EIN OFFENES OHR.EINE HELFENDE HAND.<\/p>\n","protected":false},"author":1,"featured_media":0,"parent":0,"menu_order":0,"comment_status":"closed","ping_status":"closed","template":"","meta":{"_acf_changed":false,"footnotes":""},"class_list":["post-130","page","type-page","status-publish","hentry"],"acf":[],"yoast_head":"<!-- This site is optimized with the Yoast SEO plugin v25.8 - https:\/\/yoast.com\/wordpress\/plugins\/seo\/ -->\n<title>Unterst\u00fctzung durch Ihren Bestatter - Spree<\/title>\n<meta name=\"description\" content=\"Wir entlasten Sie auf Wunsch bei allen Formalit\u00e4ten, u. a.: Beschaffung der Sterbeurkunde und anderer wichtiger Dokumente\" \/>\n<meta name=\"robots\" content=\"index, follow, max-snippet:-1, max-image-preview:large, max-video-preview:-1\" \/>\n<link rel=\"canonical\" href=\"https:\/\/www.spree-bestattungen.de\/de\/unterstuetzung\/\" \/>\n<meta property=\"og:locale\" content=\"de_DE\" \/>\n<meta property=\"og:type\" content=\"article\" \/>\n<meta property=\"og:title\" content=\"Unterst\u00fctzung durch Ihren Bestatter - Spree\" \/>\n<meta property=\"og:description\" content=\"Wir entlasten Sie auf Wunsch bei allen Formalit\u00e4ten, u. a.: Beschaffung der Sterbeurkunde und anderer wichtiger Dokumente\" \/>\n<meta property=\"og:url\" content=\"https:\/\/www.spree-bestattungen.de\/de\/unterstuetzung\/\" \/>\n<meta property=\"og:site_name\" content=\"Spree\" \/>\n<meta property=\"article:modified_time\" content=\"2023-10-19T11:55:58+00:00\" \/>\n<meta name=\"twitter:card\" content=\"summary_large_image\" \/>\n<meta name=\"twitter:label1\" content=\"Est. reading time\" \/>\n\t<meta name=\"twitter:data1\" content=\"1 minute\" \/>\n<script type=\"application\/ld+json\" class=\"yoast-schema-graph\">{\"@context\":\"https:\/\/schema.org\",\"@graph\":[{\"@type\":\"WebPage\",\"@id\":\"https:\/\/www.spree-bestattungen.de\/de\/unterstuetzung\/\",\"url\":\"https:\/\/www.spree-bestattungen.de\/de\/unterstuetzung\/\",\"name\":\"Unterst\u00fctzung durch Ihren Bestatter - Spree\",\"isPartOf\":{\"@id\":\"https:\/\/www.spree-bestattungen.de\/de\/#website\"},\"datePublished\":\"2022-10-11T13:24:54+00:00\",\"dateModified\":\"2023-10-19T11:55:58+00:00\",\"description\":\"Wir entlasten Sie auf Wunsch bei allen Formalit\u00e4ten, u. a.: Beschaffung der Sterbeurkunde und anderer wichtiger Dokumente\",\"inLanguage\":\"de-DE\",\"potentialAction\":[{\"@type\":\"ReadAction\",\"target\":[\"https:\/\/www.spree-bestattungen.de\/de\/unterstuetzung\/\"]}]},{\"@type\":\"WebSite\",\"@id\":\"https:\/\/www.spree-bestattungen.de\/de\/#website\",\"url\":\"https:\/\/www.spree-bestattungen.de\/de\/\",\"name\":\"Spree\",\"description\":\"Just another Sereni Sites site\",\"potentialAction\":[{\"@type\":\"SearchAction\",\"target\":{\"@type\":\"EntryPoint\",\"urlTemplate\":\"https:\/\/www.spree-bestattungen.de\/de\/?s={search_term_string}\"},\"query-input\":{\"@type\":\"PropertyValueSpecification\",\"valueRequired\":true,\"valueName\":\"search_term_string\"}}],\"inLanguage\":\"de-DE\"}]}<\/script>\n<!-- \/ Yoast SEO plugin. -->","yoast_head_json":{"title":"Unterst\u00fctzung durch Ihren Bestatter - Spree","description":"Wir entlasten Sie auf Wunsch bei allen Formalit\u00e4ten, u. a.: Beschaffung der Sterbeurkunde und anderer wichtiger Dokumente","robots":{"index":"index","follow":"follow","max-snippet":"max-snippet:-1","max-image-preview":"max-image-preview:large","max-video-preview":"max-video-preview:-1"},"canonical":"https:\/\/www.spree-bestattungen.de\/de\/unterstuetzung\/","og_locale":"de_DE","og_type":"article","og_title":"Unterst\u00fctzung durch Ihren Bestatter - Spree","og_description":"Wir entlasten Sie auf Wunsch bei allen Formalit\u00e4ten, u. a.: Beschaffung der Sterbeurkunde und anderer wichtiger Dokumente","og_url":"https:\/\/www.spree-bestattungen.de\/de\/unterstuetzung\/","og_site_name":"Spree","article_modified_time":"2023-10-19T11:55:58+00:00","twitter_card":"summary_large_image","twitter_misc":{"Est. reading time":"1 minute"},"schema":{"@context":"https:\/\/schema.org","@graph":[{"@type":"WebPage","@id":"https:\/\/www.spree-bestattungen.de\/de\/unterstuetzung\/","url":"https:\/\/www.spree-bestattungen.de\/de\/unterstuetzung\/","name":"Unterst\u00fctzung durch Ihren Bestatter - Spree","isPartOf":{"@id":"https:\/\/www.spree-bestattungen.de\/de\/#website"},"datePublished":"2022-10-11T13:24:54+00:00","dateModified":"2023-10-19T11:55:58+00:00","description":"Wir entlasten Sie auf Wunsch bei allen Formalit\u00e4ten, u. a.: Beschaffung der Sterbeurkunde und anderer wichtiger Dokumente","inLanguage":"de-DE","potentialAction":[{"@type":"ReadAction","target":["https:\/\/www.spree-bestattungen.de\/de\/unterstuetzung\/"]}]},{"@type":"WebSite","@id":"https:\/\/www.spree-bestattungen.de\/de\/#website","url":"https:\/\/www.spree-bestattungen.de\/de\/","name":"Spree","description":"Just another Sereni Sites site","potentialAction":[{"@type":"SearchAction","target":{"@type":"EntryPoint","urlTemplate":"https:\/\/www.spree-bestattungen.de\/de\/?s={search_term_string}"},"query-input":{"@type":"PropertyValueSpecification","valueRequired":true,"valueName":"search_term_string"}}],"inLanguage":"de-DE"}]}},"_links":{"self":[{"href":"https:\/\/www.spree-bestattungen.de\/de\/wp-json\/wp\/v2\/pages\/130","targetHints":{"allow":["GET"]}}],"collection":[{"href":"https:\/\/www.spree-bestattungen.de\/de\/wp-json\/wp\/v2\/pages"}],"about":[{"href":"https:\/\/www.spree-bestattungen.de\/de\/wp-json\/wp\/v2\/types\/page"}],"author":[{"embeddable":true,"href":"https:\/\/www.spree-bestattungen.de\/de\/wp-json\/wp\/v2\/users\/1"}],"replies":[{"embeddable":true,"href":"https:\/\/www.spree-bestattungen.de\/de\/wp-json\/wp\/v2\/comments?post=130"}],"version-history":[{"count":54,"href":"https:\/\/www.spree-bestattungen.de\/de\/wp-json\/wp\/v2\/pages\/130\/revisions"}],"predecessor-version":[{"id":2130,"href":"https:\/\/www.spree-bestattungen.de\/de\/wp-json\/wp\/v2\/pages\/130\/revisions\/2130"}],"wp:attachment":[{"href":"https:\/\/www.spree-bestattungen.de\/de\/wp-json\/wp\/v2\/media?parent=130"}],"curies":[{"name":"wp","href":"https:\/\/api.w.org\/{rel}","templated":true}]}}