{"id":138,"date":"2022-10-11T13:27:25","date_gmt":"2022-10-11T13:27:25","guid":{"rendered":"https:\/\/www.spree-bestattungen.de\/\/?page_id=138"},"modified":"2024-06-27T11:59:05","modified_gmt":"2024-06-27T11:59:05","slug":"bestattungsvorsorge","status":"publish","type":"page","link":"https:\/\/www.spree-bestattungen.de\/de\/bestattungsvorsorge\/","title":{"rendered":"Bestattungsvorsorge"},"content":{"rendered":"\n<div id=\"block-main-banner-block_007447df14fc752aafdbb3d626ad3dd1\" class=\"block-main-banner\">\n    <div class=\"container\">\n        <div class=\"banner-wrap layout2 content_right content_top\">\n            <div class=\"banner-image\">\n                                                            <img loading=\"lazy\" decoding=\"async\" width=\"1440\" height=\"961\" src=\"https:\/\/shop.sereni.de\/app\/uploads\/sites\/13\/2024\/06\/Spree_Emden_Image_30-1440x961.jpg\" class=\"attachment-full-stretched size-full-stretched\" alt=\"Bestattungsvorsorge\" srcset=\"https:\/\/shop.sereni.de\/app\/uploads\/sites\/13\/2024\/06\/Spree_Emden_Image_30-1440x961.jpg 1440w, https:\/\/shop.sereni.de\/app\/uploads\/sites\/13\/2024\/06\/Spree_Emden_Image_30-300x200.jpg 300w, https:\/\/shop.sereni.de\/app\/uploads\/sites\/13\/2024\/06\/Spree_Emden_Image_30-1024x683.jpg 1024w, https:\/\/shop.sereni.de\/app\/uploads\/sites\/13\/2024\/06\/Spree_Emden_Image_30-450x300.jpg 450w, https:\/\/shop.sereni.de\/app\/uploads\/sites\/13\/2024\/06\/Spree_Emden_Image_30-1300x867.jpg 1300w\" sizes=\"auto, (max-width: 1440px) 100vw, 1440px\" title=\"Bestattungsvorsorge\" \/>                                                <\/div>\n\n                            <div class=\"banner-content\">\n                    <div class=\"inner\">\n                        <h4><span class=\"span_left\">EIN SCHRITT ZUR SELBSTBESTIMMUNG.<br \/>\n<\/span><span class=\"span_center\">EINE ENTLASTUNG F\u00dcR DIE FAMILIE.<br \/>\n<\/span><span class=\"span_right\">EIN BLICK IN EINE SICHERE ZUKUNFT.<\/span><\/h4>\n<p><em class=\"red\">Es gibt viele gute Gr\u00fcnde, <\/em>um f\u00fcr die eigene Bestattung vorzusorgen. So bleiben Sie bis zum Schluss selbstbestimmt und wissen genau, wie Ihre letzte Reise aussieht. Auf diese Weise geben Sie sich und Ihrer Familie das sichere Gef\u00fchl, dass alles in Ihrem Sinn geregelt wird.<\/p>\n<p>Von der Bestattungs- und Grabart \u00fcber den Ablauf der Trauerfeier bis hin zu ganz pers\u00f6nlichen Dekorations- und Musikw\u00fcnschen halten wir Ihren Willen schriftlich fest und beraten Sie ausf\u00fchrlich.<\/p>\n<p>Dar\u00fcber hinaus k\u00f6nnen Sie Ihre Vorstellungen durch eine Sterbegeldversicherung oder ein Treuhandkonto finanziell absichern. Hierzu geben wir Ihnen gerne Empfehlungen.<\/p>\n<div class=\"ce_text mbk_colcount_2\">\n<p><a class=\"btn btn-primary\" href=\"https:\/\/www.spree-bestattungen.de\/de\/kontakt\/\">Kontaktieren Sie uns hierzu gerne<\/a><\/p>\n<p>&nbsp;<\/p>\n<\/div>\n<h3><\/h3>\n                    <\/div>\n                <\/div>\n                    <\/div>\n    <\/div>\n<\/div>\n\n\n<div id=\"block-variable-content-list-block_4887bc9cbf11d7c2dcfa3ac6e404bfb0\" class=\"block-variable-content-list alt_1\">\n    <div class=\"container\">\n        <div class=\"widget-wrap per_row_2\">\n                        <div class=\"block-content\">\n                                                                                    <div class=\"element\">\n                                                            \n                                \n                                                                    <div class=\"content-wrap\">\n                                        <h2><strong>Finanziell abgesichert<\/strong><\/h2>\n<div class=\"ce_text mbk_colcount_2\">\n<p><span class=\"type-j\">Mit einer <strong>Sterbegeldversicherung<\/strong> oder einem <strong>Treuhandkonto<\/strong> haben Sie zwei M\u00f6glichkeiten, einen solchen <strong>Bestattungsvorsorgevertrag<\/strong> finanziell abzusichern. <\/span><\/p>\n<p><span class=\"type-j\">Sie sind damit auch besser gesch\u00fctzt, wenn Sie Sozialleistungen beziehen oder Ihre Ersparnisse f\u00fcr Pflegeleistungen ben\u00f6tigt werden. Auch hier beraten wir Sie ausf\u00fchrlich, damit Sie die f\u00fcr Sie richtigen Entscheidungen treffen k\u00f6nnen.<\/span><\/p>\n<p><span class=\"type-j\">Weitere Informationen erhalten Sie beim<br \/>\n<strong style=\"letter-spacing: 0px\"><a href=\"http:\/\/url.bestatterwebtool.de\/bdbkuratorium\" target=\"_blank\" rel=\"noopener\">Kuratorium Deutsche Bestattungskultur<\/a><\/strong><span style=\"letter-spacing: 0px\">\u00a0<\/span>sowie bei der<br \/>\n<strong><a href=\"http:\/\/url.bestatterwebtool.de\/bdbtreuhand\" target=\"_blank\" rel=\"noopener\">Deutschen Bestattungsvorsorge Treuhand AG<\/a> <\/strong><\/span><span class=\"type-j\">oder <\/span><\/p>\n<p><span class=\"type-j\"><strong><a class=\"btn btn-primary btn-secondary\" href=\"https:\/\/www.spree-bestattungen.de\/de\/kontakt\/\">direkt bei uns.<\/a><\/strong><\/span><\/p>\n<\/div>\n                                    <\/div>\n                                                                                    <\/div>\n                                                                    <div class=\"element\">\n                                                            \n                                                                    <div class=\"image-wrap\">\n                                                                                    <img loading=\"lazy\" decoding=\"async\" width=\"1024\" height=\"730\" src=\"https:\/\/shop.sereni.de\/app\/uploads\/sites\/13\/2023\/09\/krists-luhaers-xbJHiTMl46E-unsplash-scaled-e1693906039368-1024x730.jpg\" class=\"attachment-large size-large\" alt=\"Bestattungsvorsorge\" srcset=\"https:\/\/shop.sereni.de\/app\/uploads\/sites\/13\/2023\/09\/krists-luhaers-xbJHiTMl46E-unsplash-scaled-e1693906039368-1024x730.jpg 1024w, https:\/\/shop.sereni.de\/app\/uploads\/sites\/13\/2023\/09\/krists-luhaers-xbJHiTMl46E-unsplash-scaled-e1693906039368-300x214.jpg 300w, https:\/\/shop.sereni.de\/app\/uploads\/sites\/13\/2023\/09\/krists-luhaers-xbJHiTMl46E-unsplash-scaled-e1693906039368-421x300.jpg 421w, https:\/\/shop.sereni.de\/app\/uploads\/sites\/13\/2023\/09\/krists-luhaers-xbJHiTMl46E-unsplash-scaled-e1693906039368-1300x927.jpg 1300w, https:\/\/shop.sereni.de\/app\/uploads\/sites\/13\/2023\/09\/krists-luhaers-xbJHiTMl46E-unsplash-scaled-e1693906039368-1440x1027.jpg 1440w\" sizes=\"auto, (max-width: 1024px) 100vw, 1024px\" title=\"Bestattungsvorsorge\" \/>                                                                            <\/div>\n                                \n                                                                                    <\/div>\n                                                <\/div>\n        <\/div>\n    <\/div>\n<\/div>\n","protected":false},"excerpt":{"rendered":"","protected":false},"author":1,"featured_media":0,"parent":0,"menu_order":0,"comment_status":"closed","ping_status":"closed","template":"","meta":{"_acf_changed":false,"footnotes":""},"class_list":["post-138","page","type-page","status-publish","hentry"],"acf":[],"yoast_head":"<!-- This site is optimized with the Yoast SEO plugin v25.8 - https:\/\/yoast.com\/wordpress\/plugins\/seo\/ -->\n<title>Bestattungsvorsorge - Spree<\/title>\n<meta name=\"description\" content=\"Von der Bestattungs- und Grabart bis hin zu ganz pers\u00f6nlichen W\u00fcnschen halten wir Ihren Willen schriftlich fest und beraten Sie ausf\u00fchrlich.\" \/>\n<meta name=\"robots\" content=\"index, follow, max-snippet:-1, max-image-preview:large, max-video-preview:-1\" \/>\n<link rel=\"canonical\" href=\"https:\/\/www.spree-bestattungen.de\/de\/bestattungsvorsorge\/\" \/>\n<meta property=\"og:locale\" content=\"de_DE\" \/>\n<meta property=\"og:type\" content=\"article\" \/>\n<meta property=\"og:title\" content=\"Bestattungsvorsorge - Spree\" \/>\n<meta property=\"og:description\" content=\"Von der Bestattungs- und Grabart bis hin zu ganz pers\u00f6nlichen W\u00fcnschen halten wir Ihren Willen schriftlich fest und beraten Sie ausf\u00fchrlich.\" \/>\n<meta property=\"og:url\" content=\"https:\/\/www.spree-bestattungen.de\/de\/bestattungsvorsorge\/\" \/>\n<meta property=\"og:site_name\" content=\"Spree\" \/>\n<meta property=\"article:modified_time\" content=\"2024-06-27T11:59:05+00:00\" \/>\n<meta name=\"twitter:card\" content=\"summary_large_image\" \/>\n<script type=\"application\/ld+json\" class=\"yoast-schema-graph\">{\"@context\":\"https:\/\/schema.org\",\"@graph\":[{\"@type\":\"WebPage\",\"@id\":\"https:\/\/www.spree-bestattungen.de\/de\/bestattungsvorsorge\/\",\"url\":\"https:\/\/www.spree-bestattungen.de\/de\/bestattungsvorsorge\/\",\"name\":\"Bestattungsvorsorge - Spree\",\"isPartOf\":{\"@id\":\"https:\/\/www.spree-bestattungen.de\/de\/#website\"},\"datePublished\":\"2022-10-11T13:27:25+00:00\",\"dateModified\":\"2024-06-27T11:59:05+00:00\",\"description\":\"Von der Bestattungs- und Grabart bis hin zu ganz pers\u00f6nlichen W\u00fcnschen halten wir Ihren Willen schriftlich fest und beraten Sie ausf\u00fchrlich.\",\"inLanguage\":\"de-DE\",\"potentialAction\":[{\"@type\":\"ReadAction\",\"target\":[\"https:\/\/www.spree-bestattungen.de\/de\/bestattungsvorsorge\/\"]}]},{\"@type\":\"WebSite\",\"@id\":\"https:\/\/www.spree-bestattungen.de\/de\/#website\",\"url\":\"https:\/\/www.spree-bestattungen.de\/de\/\",\"name\":\"Spree\",\"description\":\"Just another Sereni Sites site\",\"potentialAction\":[{\"@type\":\"SearchAction\",\"target\":{\"@type\":\"EntryPoint\",\"urlTemplate\":\"https:\/\/www.spree-bestattungen.de\/de\/?s={search_term_string}\"},\"query-input\":{\"@type\":\"PropertyValueSpecification\",\"valueRequired\":true,\"valueName\":\"search_term_string\"}}],\"inLanguage\":\"de-DE\"}]}<\/script>\n<!-- \/ Yoast SEO plugin. -->","yoast_head_json":{"title":"Bestattungsvorsorge - Spree","description":"Von der Bestattungs- und Grabart bis hin zu ganz pers\u00f6nlichen W\u00fcnschen halten wir Ihren Willen schriftlich fest und beraten Sie ausf\u00fchrlich.","robots":{"index":"index","follow":"follow","max-snippet":"max-snippet:-1","max-image-preview":"max-image-preview:large","max-video-preview":"max-video-preview:-1"},"canonical":"https:\/\/www.spree-bestattungen.de\/de\/bestattungsvorsorge\/","og_locale":"de_DE","og_type":"article","og_title":"Bestattungsvorsorge - Spree","og_description":"Von der Bestattungs- und Grabart bis hin zu ganz pers\u00f6nlichen W\u00fcnschen halten wir Ihren Willen schriftlich fest und beraten Sie ausf\u00fchrlich.","og_url":"https:\/\/www.spree-bestattungen.de\/de\/bestattungsvorsorge\/","og_site_name":"Spree","article_modified_time":"2024-06-27T11:59:05+00:00","twitter_card":"summary_large_image","schema":{"@context":"https:\/\/schema.org","@graph":[{"@type":"WebPage","@id":"https:\/\/www.spree-bestattungen.de\/de\/bestattungsvorsorge\/","url":"https:\/\/www.spree-bestattungen.de\/de\/bestattungsvorsorge\/","name":"Bestattungsvorsorge - Spree","isPartOf":{"@id":"https:\/\/www.spree-bestattungen.de\/de\/#website"},"datePublished":"2022-10-11T13:27:25+00:00","dateModified":"2024-06-27T11:59:05+00:00","description":"Von der Bestattungs- und Grabart bis hin zu ganz pers\u00f6nlichen W\u00fcnschen halten wir Ihren Willen schriftlich fest und beraten Sie ausf\u00fchrlich.","inLanguage":"de-DE","potentialAction":[{"@type":"ReadAction","target":["https:\/\/www.spree-bestattungen.de\/de\/bestattungsvorsorge\/"]}]},{"@type":"WebSite","@id":"https:\/\/www.spree-bestattungen.de\/de\/#website","url":"https:\/\/www.spree-bestattungen.de\/de\/","name":"Spree","description":"Just another Sereni Sites site","potentialAction":[{"@type":"SearchAction","target":{"@type":"EntryPoint","urlTemplate":"https:\/\/www.spree-bestattungen.de\/de\/?s={search_term_string}"},"query-input":{"@type":"PropertyValueSpecification","valueRequired":true,"valueName":"search_term_string"}}],"inLanguage":"de-DE"}]}},"_links":{"self":[{"href":"https:\/\/www.spree-bestattungen.de\/de\/wp-json\/wp\/v2\/pages\/138","targetHints":{"allow":["GET"]}}],"collection":[{"href":"https:\/\/www.spree-bestattungen.de\/de\/wp-json\/wp\/v2\/pages"}],"about":[{"href":"https:\/\/www.spree-bestattungen.de\/de\/wp-json\/wp\/v2\/types\/page"}],"author":[{"embeddable":true,"href":"https:\/\/www.spree-bestattungen.de\/de\/wp-json\/wp\/v2\/users\/1"}],"replies":[{"embeddable":true,"href":"https:\/\/www.spree-bestattungen.de\/de\/wp-json\/wp\/v2\/comments?post=138"}],"version-history":[{"count":48,"href":"https:\/\/www.spree-bestattungen.de\/de\/wp-json\/wp\/v2\/pages\/138\/revisions"}],"predecessor-version":[{"id":2173,"href":"https:\/\/www.spree-bestattungen.de\/de\/wp-json\/wp\/v2\/pages\/138\/revisions\/2173"}],"wp:attachment":[{"href":"https:\/\/www.spree-bestattungen.de\/de\/wp-json\/wp\/v2\/media?parent=138"}],"curies":[{"name":"wp","href":"https:\/\/api.w.org\/{rel}","templated":true}]}}