{"id":19,"date":"2022-10-06T11:08:27","date_gmt":"2022-10-06T11:08:27","guid":{"rendered":"https:\/\/www.spree-bestattungen.de\/\/?page_id=19"},"modified":"2025-07-10T07:12:43","modified_gmt":"2025-07-10T07:12:43","slug":"home","status":"publish","type":"page","link":"https:\/\/www.spree-bestattungen.de\/de\/","title":{"rendered":"Home"},"content":{"rendered":"\n<div id=\"block-main-banner-block_da73b2136dbcea0904f4bb52e031cebc\" class=\"block-main-banner\">\n    <div class=\"container\">\n        <div class=\"banner-wrap layout1 content_left content_bottom\">\n            <div class=\"banner-image\">\n                                                            <img loading=\"lazy\" decoding=\"async\" width=\"1440\" height=\"952\" src=\"https:\/\/shop.sereni.de\/app\/uploads\/sites\/13\/2023\/09\/background-1440x952.jpg\" class=\"attachment-full-stretched size-full-stretched\" alt=\"Home\" srcset=\"https:\/\/shop.sereni.de\/app\/uploads\/sites\/13\/2023\/09\/background-1440x952.jpg 1440w, https:\/\/shop.sereni.de\/app\/uploads\/sites\/13\/2023\/09\/background-300x198.jpg 300w, https:\/\/shop.sereni.de\/app\/uploads\/sites\/13\/2023\/09\/background-1024x677.jpg 1024w, https:\/\/shop.sereni.de\/app\/uploads\/sites\/13\/2023\/09\/background-454x300.jpg 454w, https:\/\/shop.sereni.de\/app\/uploads\/sites\/13\/2023\/09\/background-1300x860.jpg 1300w\" sizes=\"auto, (max-width: 1440px) 100vw, 1440px\" title=\"Home\" \/>                                                <\/div>\n\n                            <div class=\"banner-content\">\n                    <div class=\"inner\">\n                        <h2>Martin Spree Beerdigungsinstitut Abschiedsbr\u00fccke<\/h2>\n<h4>Eine Br\u00fccke des Abschieds. Ein Begleiter mit Herz. Ein Haus des Vertrauens.<\/h4>\n<p><strong><em class=\"red\">In Emden und Umgebung<\/em> <\/strong>setzen wir uns mit unserem vielseitigen Wissen in der respektvollen Umsorgung von Verstorbenen f\u00fcr eine offene Aufbahrung ein, die es erleichtert den Verlust anzunehmen.<\/p>\n<p><a class=\"btn btn-primary\" href=\"https:\/\/shop.sereni.de\/app\/uploads\/sites\/14\/2023\/08\/Soforthilfe_Merkblatt_Appeldorn.pdf\">Soforthilfe<\/a> \u00a0<a class=\"btn btn-primary\" href=\"https:\/\/www.spree-bestattungen.de\/de\/kontakt\/\">Kontakt<\/a><\/p>\n                    <\/div>\n                <\/div>\n                    <\/div>\n    <\/div>\n<\/div>\n\n\n<div id=\"block-variable-content-list-block_ff50d44b86b31c7bf18234aae56c9c21\" class=\"block-variable-content-list alt_1\">\n    <div class=\"container\">\n        <div class=\"widget-wrap per_row_2\">\n                        <div class=\"block-content\">\n                                                                                    <div class=\"element\">\n                                                            \n                                \n                                                                    <div class=\"content-wrap\">\n                                        <h3><strong>Im Trauerfall \u2013 Was ist sofort zu tun?<\/strong><\/h3>\n<h3><strong>Zwei Anrufe gen\u00fcgen<\/strong><\/h3>\n<ul>\n<li><strong>Rufen Sie den Hausarzt oder den \u00e4rztlichen Notdienst<\/strong>, der eine Todesbescheinigung ausstellt.<\/li>\n<li><strong>Verst\u00e4ndigen Sie uns als Bestatter Ihrer Wahl<\/strong>, der Sie bei allen weiteren Schritten unterst\u00fctzt.<\/li>\n<\/ul>\n<p>Sie erreichen uns <strong>Tag und Nacht<\/strong> pers\u00f6nlich unter der Telefonnummer:<\/p>\n<h3><a class=\"btn btn-primary\" href=\"tel:0 49 21 \/ 4 22 87\"><strong> \u00a00 49 21 \/ 4 22 87<\/strong><\/a><\/h3>\n                                    <\/div>\n                                                                                    <\/div>\n                                                                    <div class=\"element\">\n                                                            \n                                                                    <div class=\"image-wrap\">\n                                                                                    <img loading=\"lazy\" decoding=\"async\" width=\"1000\" height=\"668\" src=\"https:\/\/shop.sereni.de\/app\/uploads\/sites\/13\/2024\/07\/Blumen.jpg\" class=\"attachment-large size-large\" alt=\"Home\" srcset=\"https:\/\/shop.sereni.de\/app\/uploads\/sites\/13\/2024\/07\/Blumen.jpg 1000w, https:\/\/shop.sereni.de\/app\/uploads\/sites\/13\/2024\/07\/Blumen-300x200.jpg 300w, https:\/\/shop.sereni.de\/app\/uploads\/sites\/13\/2024\/07\/Blumen-449x300.jpg 449w\" sizes=\"auto, (max-width: 1000px) 100vw, 1000px\" title=\"Home\" \/>                                                                            <\/div>\n                                \n                                                                                    <\/div>\n                                                <\/div>\n        <\/div>\n    <\/div>\n<\/div>\n\n\n<div id=\"block-variable-content-list-block_dce79ddeb475e7ca54d3b0065b2d4e9b\" class=\"block-variable-content-list alt_1\">\n    <div class=\"container\">\n        <div class=\"widget-wrap per_row_2\">\n                        <div class=\"block-content\">\n                                                                                    <div class=\"element\">\n                                                            \n                                                                    <div class=\"image-wrap\">\n                                                                                    <img loading=\"lazy\" decoding=\"async\" width=\"1024\" height=\"683\" src=\"https:\/\/shop.sereni.de\/app\/uploads\/sites\/13\/2024\/07\/Spree_Emden_Image_30-1024x683.jpg\" class=\"attachment-large size-large\" alt=\"Home\" srcset=\"https:\/\/shop.sereni.de\/app\/uploads\/sites\/13\/2024\/07\/Spree_Emden_Image_30-1024x683.jpg 1024w, https:\/\/shop.sereni.de\/app\/uploads\/sites\/13\/2024\/07\/Spree_Emden_Image_30-300x200.jpg 300w, https:\/\/shop.sereni.de\/app\/uploads\/sites\/13\/2024\/07\/Spree_Emden_Image_30-450x300.jpg 450w, https:\/\/shop.sereni.de\/app\/uploads\/sites\/13\/2024\/07\/Spree_Emden_Image_30-1300x867.jpg 1300w, https:\/\/shop.sereni.de\/app\/uploads\/sites\/13\/2024\/07\/Spree_Emden_Image_30-1440x961.jpg 1440w\" sizes=\"auto, (max-width: 1024px) 100vw, 1024px\" title=\"Home\" \/>                                                                            <\/div>\n                                \n                                                                                    <\/div>\n                                                                    <div class=\"element\">\n                                                            \n                                \n                                                                    <div class=\"content-wrap\">\n                                        <h2><strong>Unsere Leistungen f\u00fcr Sie:<\/strong><\/h2>\n<ul>\n<li><span class=\"type-j\"><strong>Ausf\u00fchrliche, kostenlose Beratung zur Bestattungsvorsorge<\/strong><\/span><\/li>\n<li><span class=\"type-j\"><strong>\u00dcberf\u00fchrung und Versorgung des Verstorbenen<\/strong><\/span><\/li>\n<li><span class=\"type-j\"><strong>Entlastung Ihrer Angeh\u00f6rigen bei allen Formalit\u00e4ten<\/strong><\/span><\/li>\n<li><span class=\"type-j\"><strong>Wunschgerechte Durchf\u00fchrung der Trauerfeier und Bestattung<\/strong><\/span><\/li>\n<li><span class=\"type-j\"><strong>Professioneller Trauerdruck<br \/>\n<\/strong><\/span><\/li>\n<\/ul>\n<p><a class=\"btn btn-primary\" href=\"https:\/\/www.spree-bestattungen.de\/de\/kontakt\/\">Kontaktieren Sie uns<\/a><\/p>\n                                    <\/div>\n                                                                                    <\/div>\n                                                <\/div>\n        <\/div>\n    <\/div>\n<\/div>\n\n\n<div id=\"block-variable-content-list-block_7849fb10ba9847e3bde377a4bc96a987\" class=\"block-variable-content-list alt_1\">\n    <div class=\"container\">\n        <div class=\"widget-wrap per_row_2\">\n                        <div class=\"block-content\">\n                                                                                    <div class=\"element\">\n                                                            \n                                \n                                                                    <div class=\"content-wrap\">\n                                        <h2><strong>Trauer verbindet.<\/strong><\/h2>\n<p><span class=\"type-j\">Bewusst Abschied zu nehmen ist der Einstieg in die Trauerarbeit, ein wichtiger erster Schritt, den Tod zu akzeptieren. Wie Sie diese Abschiednahme gestalten m\u00f6chten, entscheiden Sie nach Ihrem pers\u00f6nlichen Empfinden. Vor der Trauerfeier geben wir Ihnen die Gelegenheit zu einem letzten Beisammensein mit dem Verstorbenen am offenen oder geschlossenen Sarg oder im Rahmen einer Urnen-Aufbahrung in der Trauerhalle.<\/span><\/p>\n<p><span class=\"type-j\"><strong>Mut zu einem besonderen Schritt.<\/strong><\/span><\/p>\n<p><span class=\"type-j\">Aus Erfahrung wissen wir, dass es f\u00fcr Hinterbliebene ein wichtiger Schritt in der Trauerbew\u00e4ltigung sein kann, aktiv an der Versorgung, Einkleidung und Einbettung des Verstorbenen mitzuwirken. Wir m\u00f6chten Sie ausdr\u00fccklich zu dieser Form der Abschiednahme ermutigen. Alle Aufgaben, die Sie sich zutrauen, d\u00fcrfen Sie auch selbst \u00fcbernehmen. Wir assistieren, wo und wann Sie uns brauchen.<\/span><\/p>\n<p><span class=\"type-j\"><strong>Das letzte gemeinsame Fest.<\/strong><\/span><\/p>\n<p><span class=\"type-j\">Jeder Verstorbene sollte ein Begr\u00e4bnis erhalten, das seiner Pers\u00f6nlichkeit gerecht wird, sein Leben in Erinnerung ruft, seine Einzigartigkeit hervorhebt. Wir besprechen mit Ihnen, wie sich die Zeremonie individuell gestalten l\u00e4sst, und ermuntern Sie, eigene kreative Ideen einzubringen. Wir freuen uns, wenn wir Ihnen au\u00dfergew\u00f6hnliche W\u00fcnsche erf\u00fcllen und so einen Verstorbenen auf besondere Weise ehren d\u00fcrfen.<\/span><\/p>\n<p><a class=\"btn btn-primary\" href=\"https:\/\/www.spree-bestattungen.de\/de\/kontakt\/\">Kontaktieren Sie uns<\/a><\/p>\n                                    <\/div>\n                                                                                    <\/div>\n                                                                    <div class=\"element\">\n                                                            \n                                                                    <div class=\"image-wrap\">\n                                                                                    <img loading=\"lazy\" decoding=\"async\" width=\"824\" height=\"1024\" src=\"https:\/\/shop.sereni.de\/app\/uploads\/sites\/13\/2023\/09\/pexels-ksenia-chernaya-8986725-scaled-e1694086459141-824x1024.jpg\" class=\"attachment-large size-large\" alt=\"Home\" srcset=\"https:\/\/shop.sereni.de\/app\/uploads\/sites\/13\/2023\/09\/pexels-ksenia-chernaya-8986725-scaled-e1694086459141-824x1024.jpg 824w, https:\/\/shop.sereni.de\/app\/uploads\/sites\/13\/2023\/09\/pexels-ksenia-chernaya-8986725-scaled-e1694086459141-241x300.jpg 241w, https:\/\/shop.sereni.de\/app\/uploads\/sites\/13\/2023\/09\/pexels-ksenia-chernaya-8986725-scaled-e1694086459141-1046x1300.jpg 1046w, https:\/\/shop.sereni.de\/app\/uploads\/sites\/13\/2023\/09\/pexels-ksenia-chernaya-8986725-scaled-e1694086459141-1159x1440.jpg 1159w, https:\/\/shop.sereni.de\/app\/uploads\/sites\/13\/2023\/09\/pexels-ksenia-chernaya-8986725-scaled-e1694086459141.jpg 1370w\" sizes=\"auto, (max-width: 824px) 100vw, 824px\" title=\"Home\" \/>                                                                            <\/div>\n                                \n                                                                                    <\/div>\n                                                <\/div>\n        <\/div>\n    <\/div>\n<\/div>\n","protected":false},"excerpt":{"rendered":"","protected":false},"author":2332,"featured_media":0,"parent":0,"menu_order":0,"comment_status":"closed","ping_status":"closed","template":"","meta":{"_acf_changed":false,"footnotes":""},"class_list":["post-19","page","type-page","status-publish","hentry"],"acf":[],"yoast_head":"<!-- This site is optimized with the Yoast SEO plugin v25.8 - https:\/\/yoast.com\/wordpress\/plugins\/seo\/ -->\n<title>Martin Spree Beerdigungsinstitut Abschiedsbr\u00fccke<\/title>\n<meta name=\"description\" content=\"Eine Br\u00fccke des Abschieds. Ein Begleiter mit Herz. Ein Haus des Vertrauens. Tag und Nacht f\u00fcr Sie erreichbar: 04 921 \/ 4 22 87\" \/>\n<meta name=\"robots\" content=\"index, follow, max-snippet:-1, max-image-preview:large, max-video-preview:-1\" \/>\n<link rel=\"canonical\" href=\"https:\/\/www.spree-bestattungen.de\/de\/\" \/>\n<meta property=\"og:locale\" content=\"de_DE\" \/>\n<meta property=\"og:type\" content=\"article\" \/>\n<meta property=\"og:title\" content=\"Martin Spree Beerdigungsinstitut Abschiedsbr\u00fccke\" \/>\n<meta property=\"og:description\" content=\"Eine Br\u00fccke des Abschieds. Ein Begleiter mit Herz. Ein Haus des Vertrauens. Tag und Nacht f\u00fcr Sie erreichbar: 04 921 \/ 4 22 87\" \/>\n<meta property=\"og:url\" content=\"https:\/\/www.spree-bestattungen.de\/de\/\" \/>\n<meta property=\"og:site_name\" content=\"Spree\" \/>\n<meta property=\"article:modified_time\" content=\"2025-07-10T07:12:43+00:00\" \/>\n<meta name=\"twitter:card\" content=\"summary_large_image\" \/>\n<meta name=\"twitter:label1\" content=\"Est. reading time\" \/>\n\t<meta name=\"twitter:data1\" content=\"3 minutes\" \/>\n<script type=\"application\/ld+json\" class=\"yoast-schema-graph\">{\"@context\":\"https:\/\/schema.org\",\"@graph\":[{\"@type\":\"WebPage\",\"@id\":\"https:\/\/www.spree-bestattungen.de\/de\/\",\"url\":\"https:\/\/www.spree-bestattungen.de\/de\/\",\"name\":\"Martin Spree Beerdigungsinstitut Abschiedsbr\u00fccke\",\"isPartOf\":{\"@id\":\"https:\/\/www.spree-bestattungen.de\/de\/#website\"},\"datePublished\":\"2022-10-06T11:08:27+00:00\",\"dateModified\":\"2025-07-10T07:12:43+00:00\",\"description\":\"Eine Br\u00fccke des Abschieds. Ein Begleiter mit Herz. Ein Haus des Vertrauens. Tag und Nacht f\u00fcr Sie erreichbar: 04 921 \/ 4 22 87\",\"inLanguage\":\"de-DE\",\"potentialAction\":[{\"@type\":\"ReadAction\",\"target\":[\"https:\/\/www.spree-bestattungen.de\/de\/\"]}]},{\"@type\":\"WebSite\",\"@id\":\"https:\/\/www.spree-bestattungen.de\/de\/#website\",\"url\":\"https:\/\/www.spree-bestattungen.de\/de\/\",\"name\":\"Spree\",\"description\":\"Just another Sereni Sites site\",\"potentialAction\":[{\"@type\":\"SearchAction\",\"target\":{\"@type\":\"EntryPoint\",\"urlTemplate\":\"https:\/\/www.spree-bestattungen.de\/de\/?s={search_term_string}\"},\"query-input\":{\"@type\":\"PropertyValueSpecification\",\"valueRequired\":true,\"valueName\":\"search_term_string\"}}],\"inLanguage\":\"de-DE\"}]}<\/script>\n<!-- \/ Yoast SEO plugin. -->","yoast_head_json":{"title":"Martin Spree Beerdigungsinstitut Abschiedsbr\u00fccke","description":"Eine Br\u00fccke des Abschieds. Ein Begleiter mit Herz. Ein Haus des Vertrauens. Tag und Nacht f\u00fcr Sie erreichbar: 04 921 \/ 4 22 87","robots":{"index":"index","follow":"follow","max-snippet":"max-snippet:-1","max-image-preview":"max-image-preview:large","max-video-preview":"max-video-preview:-1"},"canonical":"https:\/\/www.spree-bestattungen.de\/de\/","og_locale":"de_DE","og_type":"article","og_title":"Martin Spree Beerdigungsinstitut Abschiedsbr\u00fccke","og_description":"Eine Br\u00fccke des Abschieds. Ein Begleiter mit Herz. Ein Haus des Vertrauens. Tag und Nacht f\u00fcr Sie erreichbar: 04 921 \/ 4 22 87","og_url":"https:\/\/www.spree-bestattungen.de\/de\/","og_site_name":"Spree","article_modified_time":"2025-07-10T07:12:43+00:00","twitter_card":"summary_large_image","twitter_misc":{"Est. reading time":"3 minutes"},"schema":{"@context":"https:\/\/schema.org","@graph":[{"@type":"WebPage","@id":"https:\/\/www.spree-bestattungen.de\/de\/","url":"https:\/\/www.spree-bestattungen.de\/de\/","name":"Martin Spree Beerdigungsinstitut Abschiedsbr\u00fccke","isPartOf":{"@id":"https:\/\/www.spree-bestattungen.de\/de\/#website"},"datePublished":"2022-10-06T11:08:27+00:00","dateModified":"2025-07-10T07:12:43+00:00","description":"Eine Br\u00fccke des Abschieds. Ein Begleiter mit Herz. Ein Haus des Vertrauens. Tag und Nacht f\u00fcr Sie erreichbar: 04 921 \/ 4 22 87","inLanguage":"de-DE","potentialAction":[{"@type":"ReadAction","target":["https:\/\/www.spree-bestattungen.de\/de\/"]}]},{"@type":"WebSite","@id":"https:\/\/www.spree-bestattungen.de\/de\/#website","url":"https:\/\/www.spree-bestattungen.de\/de\/","name":"Spree","description":"Just another Sereni Sites site","potentialAction":[{"@type":"SearchAction","target":{"@type":"EntryPoint","urlTemplate":"https:\/\/www.spree-bestattungen.de\/de\/?s={search_term_string}"},"query-input":{"@type":"PropertyValueSpecification","valueRequired":true,"valueName":"search_term_string"}}],"inLanguage":"de-DE"}]}},"_links":{"self":[{"href":"https:\/\/www.spree-bestattungen.de\/de\/wp-json\/wp\/v2\/pages\/19","targetHints":{"allow":["GET"]}}],"collection":[{"href":"https:\/\/www.spree-bestattungen.de\/de\/wp-json\/wp\/v2\/pages"}],"about":[{"href":"https:\/\/www.spree-bestattungen.de\/de\/wp-json\/wp\/v2\/types\/page"}],"author":[{"embeddable":true,"href":"https:\/\/www.spree-bestattungen.de\/de\/wp-json\/wp\/v2\/users\/2332"}],"replies":[{"embeddable":true,"href":"https:\/\/www.spree-bestattungen.de\/de\/wp-json\/wp\/v2\/comments?post=19"}],"version-history":[{"count":199,"href":"https:\/\/www.spree-bestattungen.de\/de\/wp-json\/wp\/v2\/pages\/19\/revisions"}],"predecessor-version":[{"id":2281,"href":"https:\/\/www.spree-bestattungen.de\/de\/wp-json\/wp\/v2\/pages\/19\/revisions\/2281"}],"wp:attachment":[{"href":"https:\/\/www.spree-bestattungen.de\/de\/wp-json\/wp\/v2\/media?parent=19"}],"curies":[{"name":"wp","href":"https:\/\/api.w.org\/{rel}","templated":true}]}}