{"id":52,"date":"2022-10-11T12:53:37","date_gmt":"2022-10-11T12:53:37","guid":{"rendered":"https:\/\/www.spree-bestattungen.de\/\/?page_id=52"},"modified":"2025-02-20T15:12:55","modified_gmt":"2025-02-20T15:12:55","slug":"bestattungsinstitut","status":"publish","type":"page","link":"https:\/\/www.spree-bestattungen.de\/de\/bestattungsinstitut\/","title":{"rendered":"Unser Beerdigungsinstitut"},"content":{"rendered":"<div id=\"block-variable-content-list-block_62cebc3d7f546401981b67a206e2b413\" class=\"block-variable-content-list alt_1\">\n    <div class=\"container\">\n        <div class=\"widget-wrap per_row_2\">\n                        <div class=\"block-content\">\n                                                                                    <div class=\"element\">\n                                                            \n                                \n                                                                    <div class=\"content-wrap\">\n                                        <h2>Unser Beerdigungsinstitut.<\/h2>\n<p>Bei uns im <strong>Steinweg 59<\/strong> in <strong>Emden<\/strong> sind Sie immer willkommen. Auf Wunsch besuchen wir Sie aber auch gerne zu Hause.<\/p>\n<p>&nbsp;<\/p>\n                                    <\/div>\n                                                                                    <\/div>\n                                                                    <div class=\"element\">\n                                                            \n                                                                    <div class=\"image-wrap\">\n                                                                                    <img loading=\"lazy\" decoding=\"async\" width=\"1024\" height=\"683\" src=\"https:\/\/shop.sereni.de\/app\/uploads\/sites\/13\/2024\/07\/Spree_Emden_Image_21-1024x683.jpg\" class=\"attachment-large size-large\" alt=\"Unser Beerdigungsinstitut\" srcset=\"https:\/\/shop.sereni.de\/app\/uploads\/sites\/13\/2024\/07\/Spree_Emden_Image_21-1024x683.jpg 1024w, https:\/\/shop.sereni.de\/app\/uploads\/sites\/13\/2024\/07\/Spree_Emden_Image_21-300x200.jpg 300w, https:\/\/shop.sereni.de\/app\/uploads\/sites\/13\/2024\/07\/Spree_Emden_Image_21-450x300.jpg 450w, https:\/\/shop.sereni.de\/app\/uploads\/sites\/13\/2024\/07\/Spree_Emden_Image_21-1300x867.jpg 1300w, https:\/\/shop.sereni.de\/app\/uploads\/sites\/13\/2024\/07\/Spree_Emden_Image_21-1440x960.jpg 1440w\" sizes=\"auto, (max-width: 1024px) 100vw, 1024px\" title=\"Unser Beerdigungsinstitut\" \/>                                                                            <\/div>\n                                \n                                                                                    <\/div>\n                                                <\/div>\n        <\/div>\n    <\/div>\n<\/div>\n\n\n\n<div id=\"block-main-banner-block_ef65dd4b349eec84cc58cd8859c0e764\" class=\"block-main-banner\">\n    <div class=\"container\">\n        <div class=\"banner-wrap layout2 content_right content_top\">\n            <div class=\"banner-image\">\n                                                            <img loading=\"lazy\" decoding=\"async\" width=\"1440\" height=\"960\" src=\"https:\/\/shop.sereni.de\/app\/uploads\/sites\/13\/2024\/06\/Spree_Emden_Image_11-1440x960.jpg\" class=\"attachment-full-stretched size-full-stretched\" alt=\"Unser Beerdigungsinstitut\" srcset=\"https:\/\/shop.sereni.de\/app\/uploads\/sites\/13\/2024\/06\/Spree_Emden_Image_11-1440x960.jpg 1440w, https:\/\/shop.sereni.de\/app\/uploads\/sites\/13\/2024\/06\/Spree_Emden_Image_11-300x200.jpg 300w, https:\/\/shop.sereni.de\/app\/uploads\/sites\/13\/2024\/06\/Spree_Emden_Image_11-1024x683.jpg 1024w, https:\/\/shop.sereni.de\/app\/uploads\/sites\/13\/2024\/06\/Spree_Emden_Image_11-450x300.jpg 450w, https:\/\/shop.sereni.de\/app\/uploads\/sites\/13\/2024\/06\/Spree_Emden_Image_11-1300x867.jpg 1300w\" sizes=\"auto, (max-width: 1440px) 100vw, 1440px\" title=\"Unser Beerdigungsinstitut\" \/>                                                <\/div>\n\n                            <div class=\"banner-content\">\n                    <div class=\"inner\">\n                        <h3><strong>Wir bestatten in:<\/strong><\/h3>\n<div class=\"ce_text\">\n<ul>\n<li><strong>Emden<\/strong> mit allen Ortsteilen und Friedh\u00f6fen,<\/li>\n<li>alle Orte in der Gemeinde <strong>Krummh\u00f6rn<\/strong>,<\/li>\n<li>alle Orte in der Gemeinde <strong>Hinte<\/strong>,<\/li>\n<li>und auf Wunsch in der gesamten <strong>Bundesrepublik<\/strong><br \/>\nund im <strong>Ausland<\/strong><\/li>\n<\/ul>\n<\/div>\n                    <\/div>\n                <\/div>\n                    <\/div>\n    <\/div>\n<\/div>\n\n\n\n<div id=\"block-main-banner-block_2fc6d55a41e33f7bcdd1cbebf0b0f7c5\" class=\"block-main-banner\">\n    <div class=\"container\">\n        <div class=\"banner-wrap layout2 content_left content_top\">\n            <div class=\"banner-image\">\n                                                            <img loading=\"lazy\" decoding=\"async\" width=\"800\" height=\"494\" src=\"https:\/\/shop.sereni.de\/app\/uploads\/sites\/13\/2023\/09\/unser_haus2-3-e1693577269439.jpg\" class=\"attachment-full-stretched size-full-stretched\" alt=\"Unser Beerdigungsinstitut\" srcset=\"https:\/\/shop.sereni.de\/app\/uploads\/sites\/13\/2023\/09\/unser_haus2-3-e1693577269439.jpg 800w, https:\/\/shop.sereni.de\/app\/uploads\/sites\/13\/2023\/09\/unser_haus2-3-e1693577269439-300x185.jpg 300w, https:\/\/shop.sereni.de\/app\/uploads\/sites\/13\/2023\/09\/unser_haus2-3-e1693577269439-486x300.jpg 486w\" sizes=\"auto, (max-width: 800px) 100vw, 800px\" title=\"Unser Beerdigungsinstitut\" \/>                                                <\/div>\n\n                            <div class=\"banner-content\">\n                    <div class=\"inner\">\n                        <div class=\"maintitle normcontent\">\n<div id=\"article-85\" class=\"mod_article block\">\n<div class=\"inlay\">\n<h2>Angenehme Beratungsr\u00e4ume.<\/h2>\n<p>Einfach da sein und auf Ihre Bed\u00fcrfnisse eingehen \u2013 in unseren hellen, freundlichen Beratungsr\u00e4umen nehmen wir uns Zeit f\u00fcr Sie.<\/p>\n<\/div>\n<\/div>\n<\/div>\n                    <\/div>\n                <\/div>\n                    <\/div>\n    <\/div>\n<\/div>\n\n\n\n<div id=\"block-main-banner-block_afb35e8dc5bef14b6fda5321f40ca00f\" class=\"block-main-banner\">\n    <div class=\"container\">\n        <div class=\"banner-wrap layout2 content_right content_top\">\n            <div class=\"banner-image\">\n                                                            <img loading=\"lazy\" decoding=\"async\" width=\"1440\" height=\"960\" src=\"https:\/\/shop.sereni.de\/app\/uploads\/sites\/13\/2024\/06\/Spree_Emden_Image_02-1440x960.jpg\" class=\"attachment-full-stretched size-full-stretched\" alt=\"Unser Beerdigungsinstitut\" srcset=\"https:\/\/shop.sereni.de\/app\/uploads\/sites\/13\/2024\/06\/Spree_Emden_Image_02-1440x960.jpg 1440w, https:\/\/shop.sereni.de\/app\/uploads\/sites\/13\/2024\/06\/Spree_Emden_Image_02-300x200.jpg 300w, https:\/\/shop.sereni.de\/app\/uploads\/sites\/13\/2024\/06\/Spree_Emden_Image_02-1024x683.jpg 1024w, https:\/\/shop.sereni.de\/app\/uploads\/sites\/13\/2024\/06\/Spree_Emden_Image_02-450x300.jpg 450w, https:\/\/shop.sereni.de\/app\/uploads\/sites\/13\/2024\/06\/Spree_Emden_Image_02-1300x867.jpg 1300w\" sizes=\"auto, (max-width: 1440px) 100vw, 1440px\" title=\"Unser Beerdigungsinstitut\" \/>                                                <\/div>\n\n                            <div class=\"banner-content\">\n                    <div class=\"inner\">\n                        <div class=\"maintitle normcontent\">\n<div id=\"article-85\" class=\"mod_article block\">\n<div class=\"inlay\">\n<h2>Gro\u00dfz\u00fcgiger Ausstellungsraum.<\/h2>\n<p>Eine gro\u00dfe Auswahl an Urnen und S\u00e4rgen zu fairen Preisen zeigen wir Ihnen in unserem Ausstellungsraum.<\/p>\n<\/div>\n<\/div>\n<\/div>\n                    <\/div>\n                <\/div>\n                    <\/div>\n    <\/div>\n<\/div>\n\n\n\n<div id=\"block-main-banner-block_b5422ac7314a7f83d7fe78b58ef541a8\" class=\"block-main-banner\">\n    <div class=\"container\">\n        <div class=\"banner-wrap layout2 content_left content_top\">\n            <div class=\"banner-image\">\n                                                            <img loading=\"lazy\" decoding=\"async\" width=\"1440\" height=\"961\" src=\"https:\/\/shop.sereni.de\/app\/uploads\/sites\/13\/2024\/06\/Spree_Emden_Image_10-1440x961.jpg\" class=\"attachment-full-stretched size-full-stretched\" alt=\"Unser Beerdigungsinstitut\" srcset=\"https:\/\/shop.sereni.de\/app\/uploads\/sites\/13\/2024\/06\/Spree_Emden_Image_10-1440x961.jpg 1440w, https:\/\/shop.sereni.de\/app\/uploads\/sites\/13\/2024\/06\/Spree_Emden_Image_10-300x200.jpg 300w, https:\/\/shop.sereni.de\/app\/uploads\/sites\/13\/2024\/06\/Spree_Emden_Image_10-1024x683.jpg 1024w, https:\/\/shop.sereni.de\/app\/uploads\/sites\/13\/2024\/06\/Spree_Emden_Image_10-450x300.jpg 450w, https:\/\/shop.sereni.de\/app\/uploads\/sites\/13\/2024\/06\/Spree_Emden_Image_10-1300x867.jpg 1300w\" sizes=\"auto, (max-width: 1440px) 100vw, 1440px\" title=\"Unser Beerdigungsinstitut\" \/>                                                <\/div>\n\n                            <div class=\"banner-content\">\n                    <div class=\"inner\">\n                        <div class=\"maintitle normcontent\">\n<div id=\"article-85\" class=\"mod_article block\">\n<div class=\"inlay\">\n<h2>Feierliche Trauerhalle.<\/h2>\n<p>In unserer \u201eAbschiedsbr\u00fccke\u201c schaffen wir einen w\u00fcrdevollen, pers\u00f6nlichen Rahmen f\u00fcr eine private Verabschiedung oder eine Trauerfeier f\u00fcr etwa 50 G\u00e4ste.<\/p>\n<\/div>\n<\/div>\n<\/div>\n                    <\/div>\n                <\/div>\n                    <\/div>\n    <\/div>\n<\/div>\n\n\n\n<div id=\"block-main-banner-block_cc9163cd7eea2d4606db60e66bb181d8\" class=\"block-main-banner\">\n    <div class=\"container\">\n        <div class=\"banner-wrap layout2 content_right content_top\">\n            <div class=\"banner-image\">\n                                                            <img loading=\"lazy\" decoding=\"async\" width=\"1419\" height=\"944\" src=\"https:\/\/shop.sereni.de\/app\/uploads\/sites\/13\/2023\/09\/gedenkgarten_1-3.jpg\" class=\"attachment-full-stretched size-full-stretched\" alt=\"Unser Beerdigungsinstitut\" srcset=\"https:\/\/shop.sereni.de\/app\/uploads\/sites\/13\/2023\/09\/gedenkgarten_1-3.jpg 1419w, https:\/\/shop.sereni.de\/app\/uploads\/sites\/13\/2023\/09\/gedenkgarten_1-3-300x200.jpg 300w, https:\/\/shop.sereni.de\/app\/uploads\/sites\/13\/2023\/09\/gedenkgarten_1-3-1024x681.jpg 1024w, https:\/\/shop.sereni.de\/app\/uploads\/sites\/13\/2023\/09\/gedenkgarten_1-3-451x300.jpg 451w, https:\/\/shop.sereni.de\/app\/uploads\/sites\/13\/2023\/09\/gedenkgarten_1-3-1300x865.jpg 1300w\" sizes=\"auto, (max-width: 1419px) 100vw, 1419px\" title=\"Unser Beerdigungsinstitut\" \/>                                                <\/div>\n\n                            <div class=\"banner-content\">\n                    <div class=\"inner\">\n                        <div class=\"maintitle normcontent\">\n<div id=\"article-85\" class=\"mod_article block\">\n<div class=\"inlay\">\n<h2>Friedvolle Gedenkst\u00e4tte f\u00fcr Seebestattungen.<\/h2>\n<p>Nach einer Seebestattung k\u00f6nnen Angeh\u00f6rige unsere Gedenkst\u00e4tte als Ort der Erinnerung kostenlos nutzen und jederzeit aufsuchen. Hierf\u00fcr fertigen wir einen Namensstein an und legen ihn als Andenken nieder.<\/p>\n<\/div>\n<\/div>\n<\/div>\n                    <\/div>\n                <\/div>\n                    <\/div>\n    <\/div>\n<\/div>\n\n\n\n<div id=\"block-main-banner-block_386c937ea2cb834c027452ec84b7e043\" class=\"block-main-banner\">\n    <div class=\"container\">\n        <div class=\"banner-wrap layout2 content_left content_top\">\n            <div class=\"banner-image\">\n                                                            <img loading=\"lazy\" decoding=\"async\" width=\"1419\" height=\"944\" src=\"https:\/\/shop.sereni.de\/app\/uploads\/sites\/13\/2023\/09\/auto-2.jpg\" class=\"attachment-full-stretched size-full-stretched\" alt=\"Unser Beerdigungsinstitut\" srcset=\"https:\/\/shop.sereni.de\/app\/uploads\/sites\/13\/2023\/09\/auto-2.jpg 1419w, https:\/\/shop.sereni.de\/app\/uploads\/sites\/13\/2023\/09\/auto-2-300x200.jpg 300w, https:\/\/shop.sereni.de\/app\/uploads\/sites\/13\/2023\/09\/auto-2-1024x681.jpg 1024w, https:\/\/shop.sereni.de\/app\/uploads\/sites\/13\/2023\/09\/auto-2-451x300.jpg 451w, https:\/\/shop.sereni.de\/app\/uploads\/sites\/13\/2023\/09\/auto-2-1300x865.jpg 1300w\" sizes=\"auto, (max-width: 1419px) 100vw, 1419px\" title=\"Unser Beerdigungsinstitut\" \/>                                                <\/div>\n\n                            <div class=\"banner-content\">\n                    <div class=\"inner\">\n                        <div class=\"maintitle normcontent\">\n<div id=\"article-85\" class=\"mod_article block\">\n<div class=\"inlay\">\n<h2>Stilvolle Fahrzeuge.<\/h2>\n<p>Wir sorgen f\u00fcr ein w\u00fcrdevolles Geleit des Verstorbenen vom Sterbeort in unser Haus und bis zu seiner letzten Ruhest\u00e4tte.<\/p>\n<\/div>\n<\/div>\n<\/div>\n                    <\/div>\n                <\/div>\n                    <\/div>\n    <\/div>\n<\/div>\n","protected":false},"excerpt":{"rendered":"","protected":false},"author":1,"featured_media":0,"parent":0,"menu_order":0,"comment_status":"closed","ping_status":"closed","template":"","meta":{"_acf_changed":false,"footnotes":""},"class_list":["post-52","page","type-page","status-publish","hentry"],"acf":[],"yoast_head":"<!-- This site is optimized with the Yoast SEO plugin v25.8 - https:\/\/yoast.com\/wordpress\/plugins\/seo\/ -->\n<title>Unser Beerdigungsinstitut - Spree<\/title>\n<meta name=\"description\" content=\"Unser Beerdigungsinstitut. Bei uns im Steinweg 59 in Emden sind Sie immer willkommen. Auf Wunsch besuchen wir Sie aber auch gerne zu Hause.\" \/>\n<meta name=\"robots\" content=\"index, follow, max-snippet:-1, max-image-preview:large, max-video-preview:-1\" \/>\n<link rel=\"canonical\" href=\"https:\/\/www.spree-bestattungen.de\/de\/bestattungsinstitut\/\" \/>\n<meta property=\"og:locale\" content=\"de_DE\" \/>\n<meta property=\"og:type\" content=\"article\" \/>\n<meta property=\"og:title\" content=\"Unser Beerdigungsinstitut - Spree\" \/>\n<meta property=\"og:description\" content=\"Unser Beerdigungsinstitut. Bei uns im Steinweg 59 in Emden sind Sie immer willkommen. Auf Wunsch besuchen wir Sie aber auch gerne zu Hause.\" \/>\n<meta property=\"og:url\" content=\"https:\/\/www.spree-bestattungen.de\/de\/bestattungsinstitut\/\" \/>\n<meta property=\"og:site_name\" content=\"Spree\" \/>\n<meta property=\"article:modified_time\" content=\"2025-02-20T15:12:55+00:00\" \/>\n<meta name=\"twitter:card\" content=\"summary_large_image\" \/>\n<meta name=\"twitter:label1\" content=\"Est. reading time\" \/>\n\t<meta name=\"twitter:data1\" content=\"3 minutes\" \/>\n<script type=\"application\/ld+json\" class=\"yoast-schema-graph\">{\"@context\":\"https:\/\/schema.org\",\"@graph\":[{\"@type\":\"WebPage\",\"@id\":\"https:\/\/www.spree-bestattungen.de\/de\/bestattungsinstitut\/\",\"url\":\"https:\/\/www.spree-bestattungen.de\/de\/bestattungsinstitut\/\",\"name\":\"Unser Beerdigungsinstitut - Spree\",\"isPartOf\":{\"@id\":\"https:\/\/www.spree-bestattungen.de\/de\/#website\"},\"datePublished\":\"2022-10-11T12:53:37+00:00\",\"dateModified\":\"2025-02-20T15:12:55+00:00\",\"description\":\"Unser Beerdigungsinstitut. Bei uns im Steinweg 59 in Emden sind Sie immer willkommen. Auf Wunsch besuchen wir Sie aber auch gerne zu Hause.\",\"inLanguage\":\"de-DE\",\"potentialAction\":[{\"@type\":\"ReadAction\",\"target\":[\"https:\/\/www.spree-bestattungen.de\/de\/bestattungsinstitut\/\"]}]},{\"@type\":\"WebSite\",\"@id\":\"https:\/\/www.spree-bestattungen.de\/de\/#website\",\"url\":\"https:\/\/www.spree-bestattungen.de\/de\/\",\"name\":\"Spree\",\"description\":\"Just another Sereni Sites site\",\"potentialAction\":[{\"@type\":\"SearchAction\",\"target\":{\"@type\":\"EntryPoint\",\"urlTemplate\":\"https:\/\/www.spree-bestattungen.de\/de\/?s={search_term_string}\"},\"query-input\":{\"@type\":\"PropertyValueSpecification\",\"valueRequired\":true,\"valueName\":\"search_term_string\"}}],\"inLanguage\":\"de-DE\"}]}<\/script>\n<!-- \/ Yoast SEO plugin. -->","yoast_head_json":{"title":"Unser Beerdigungsinstitut - Spree","description":"Unser Beerdigungsinstitut. Bei uns im Steinweg 59 in Emden sind Sie immer willkommen. Auf Wunsch besuchen wir Sie aber auch gerne zu Hause.","robots":{"index":"index","follow":"follow","max-snippet":"max-snippet:-1","max-image-preview":"max-image-preview:large","max-video-preview":"max-video-preview:-1"},"canonical":"https:\/\/www.spree-bestattungen.de\/de\/bestattungsinstitut\/","og_locale":"de_DE","og_type":"article","og_title":"Unser Beerdigungsinstitut - Spree","og_description":"Unser Beerdigungsinstitut. Bei uns im Steinweg 59 in Emden sind Sie immer willkommen. Auf Wunsch besuchen wir Sie aber auch gerne zu Hause.","og_url":"https:\/\/www.spree-bestattungen.de\/de\/bestattungsinstitut\/","og_site_name":"Spree","article_modified_time":"2025-02-20T15:12:55+00:00","twitter_card":"summary_large_image","twitter_misc":{"Est. reading time":"3 minutes"},"schema":{"@context":"https:\/\/schema.org","@graph":[{"@type":"WebPage","@id":"https:\/\/www.spree-bestattungen.de\/de\/bestattungsinstitut\/","url":"https:\/\/www.spree-bestattungen.de\/de\/bestattungsinstitut\/","name":"Unser Beerdigungsinstitut - Spree","isPartOf":{"@id":"https:\/\/www.spree-bestattungen.de\/de\/#website"},"datePublished":"2022-10-11T12:53:37+00:00","dateModified":"2025-02-20T15:12:55+00:00","description":"Unser Beerdigungsinstitut. Bei uns im Steinweg 59 in Emden sind Sie immer willkommen. Auf Wunsch besuchen wir Sie aber auch gerne zu Hause.","inLanguage":"de-DE","potentialAction":[{"@type":"ReadAction","target":["https:\/\/www.spree-bestattungen.de\/de\/bestattungsinstitut\/"]}]},{"@type":"WebSite","@id":"https:\/\/www.spree-bestattungen.de\/de\/#website","url":"https:\/\/www.spree-bestattungen.de\/de\/","name":"Spree","description":"Just another Sereni Sites site","potentialAction":[{"@type":"SearchAction","target":{"@type":"EntryPoint","urlTemplate":"https:\/\/www.spree-bestattungen.de\/de\/?s={search_term_string}"},"query-input":{"@type":"PropertyValueSpecification","valueRequired":true,"valueName":"search_term_string"}}],"inLanguage":"de-DE"}]}},"_links":{"self":[{"href":"https:\/\/www.spree-bestattungen.de\/de\/wp-json\/wp\/v2\/pages\/52","targetHints":{"allow":["GET"]}}],"collection":[{"href":"https:\/\/www.spree-bestattungen.de\/de\/wp-json\/wp\/v2\/pages"}],"about":[{"href":"https:\/\/www.spree-bestattungen.de\/de\/wp-json\/wp\/v2\/types\/page"}],"author":[{"embeddable":true,"href":"https:\/\/www.spree-bestattungen.de\/de\/wp-json\/wp\/v2\/users\/1"}],"replies":[{"embeddable":true,"href":"https:\/\/www.spree-bestattungen.de\/de\/wp-json\/wp\/v2\/comments?post=52"}],"version-history":[{"count":87,"href":"https:\/\/www.spree-bestattungen.de\/de\/wp-json\/wp\/v2\/pages\/52\/revisions"}],"predecessor-version":[{"id":2268,"href":"https:\/\/www.spree-bestattungen.de\/de\/wp-json\/wp\/v2\/pages\/52\/revisions\/2268"}],"wp:attachment":[{"href":"https:\/\/www.spree-bestattungen.de\/de\/wp-json\/wp\/v2\/media?parent=52"}],"curies":[{"name":"wp","href":"https:\/\/api.w.org\/{rel}","templated":true}]}}